{"id":185683,"date":"2024-02-14T17:07:49","date_gmt":"2024-02-14T17:07:49","guid":{"rendered":"https:\/\/explorial.com\/trails\/staedtetour-tomar-1\/"},"modified":"2024-09-17T13:51:26","modified_gmt":"2024-09-17T13:51:26","slug":"staedtetour-tomar-1","status":"publish","type":"product","link":"https:\/\/explorial.com\/de\/trails\/staedtetour-tomar-1\/","title":{"rendered":"Tomar"},"content":{"rendered":"","protected":false},"excerpt":{"rendered":"","protected":false},"featured_media":185614,"comment_status":"open","ping_status":"closed","template":"","meta":{"_acf_changed":false},"product_brand":[],"product_cat":[477,494],"product_tag":[2956],"class_list":{"0":"post-185683","1":"product","2":"type-product","3":"status-publish","4":"has-post-thumbnail","6":"product_cat-portugal-de","7":"product_cat-central-portugal-de","8":"product_tag-tomar-de","10":"first","11":"instock","12":"sale","13":"taxable","14":"shipping-taxable","15":"purchasable","16":"product-type-variable"},"acf":{"city_name":"Tomar","city_name_display":"Tomar","languages":"Portugiesisch, Englisch","duration":"etwa 1.5 - 2 Stunden","description_1":"","description_2":"","city_description":"","short_description":"","notes":"","header_image":185608,"highlight_locations":"Monumento em homenagem ao Infante Dom Henrique, Complexo Cultural da Levada, Pra\u00e7a da Rep\u00fablica","additional_wheelchair":"Dieser Trail ist aufgrund von Steigungen und Treppen f\u00fcr Rollst\u00fchle und Kinderwagen nur bedingt geeignet. Alle Orte sind jedoch erreichbar.","voucher_link":"","start_location_coordinates":"39.60161, -8.41571","start_location_name":"Posto de Turismo de Tomar","start_location_address":"Av. Dr. C\u00e2ndido Madureira 531, 2300-531 Tomar, Portugal","end_location_name":"Largo da V\u00e1rzea Grande","partner_object":null},"_links":{"self":[{"href":"https:\/\/explorial.com\/de\/wp-json\/wp\/v2\/product\/185683","targetHints":{"allow":["GET"]}}],"collection":[{"href":"https:\/\/explorial.com\/de\/wp-json\/wp\/v2\/product"}],"about":[{"href":"https:\/\/explorial.com\/de\/wp-json\/wp\/v2\/types\/product"}],"replies":[{"embeddable":true,"href":"https:\/\/explorial.com\/de\/wp-json\/wp\/v2\/comments?post=185683"}],"wp:featuredmedia":[{"embeddable":true,"href":"https:\/\/explorial.com\/de\/wp-json\/wp\/v2\/media\/185614"}],"wp:attachment":[{"href":"https:\/\/explorial.com\/de\/wp-json\/wp\/v2\/media?parent=185683"}],"wp:term":[{"taxonomy":"product_brand","embeddable":true,"href":"https:\/\/explorial.com\/de\/wp-json\/wp\/v2\/product_brand?post=185683"},{"taxonomy":"product_cat","embeddable":true,"href":"https:\/\/explorial.com\/de\/wp-json\/wp\/v2\/product_cat?post=185683"},{"taxonomy":"product_tag","embeddable":true,"href":"https:\/\/explorial.com\/de\/wp-json\/wp\/v2\/product_tag?post=185683"}],"curies":[{"name":"wp","href":"https:\/\/api.w.org\/{rel}","templated":true}]}}