{"id":145627,"date":"2023-10-31T15:21:03","date_gmt":"2023-10-31T15:21:03","guid":{"rendered":"https:\/\/explorial.com\/trails\/staedtetour-graz-1\/"},"modified":"2024-09-09T08:54:31","modified_gmt":"2024-09-09T08:54:31","slug":"staedtetour-graz-1","status":"publish","type":"product","link":"https:\/\/explorial.com\/de\/trails\/staedtetour-graz-1\/","title":{"rendered":"Graz"},"content":{"rendered":"","protected":false},"excerpt":{"rendered":"","protected":false},"featured_media":279434,"comment_status":"open","ping_status":"closed","template":"","meta":{"_acf_changed":false},"product_brand":[],"product_cat":[2138,2144],"product_tag":[2132],"class_list":{"0":"post-145627","1":"product","2":"type-product","3":"status-publish","4":"has-post-thumbnail","6":"product_cat-austria-de","7":"product_cat-styria-de","8":"product_tag-graz-de","10":"first","11":"instock","12":"sale","13":"taxable","14":"shipping-taxable","15":"purchasable","16":"product-type-variable"},"acf":{"city_name":"Graz","city_name_display":"Graz","languages":"Englisch, Deutsch","duration":"etwa 1.5 - 2 Stunden","description_1":"","description_2":"","city_description":"Graz hat vor allem eines: Eine ganze Menge Charme. Egal zu welcher Jahreszeit, mediterraner Flair und entspannte Atmosph\u00e4re beherrschen das Zentrum auch an gesch\u00e4ftigen Tagen. \u00dcberzeugt euch selbst davon, beim Trail, der euch durch die wundersch\u00f6ne Altstadt f\u00fchrt und entdeckt ganz nebenbei den zeitgen\u00f6ssischen Charakter der zweitgr\u00f6\u00dften Stadt \u00d6sterreichs. Los geht's!","short_description":"","notes":"","header_image":279111,"highlight_locations":"Rathaus, Kunsthaus, Glockenspielplatz","additional_wheelchair":"Dieser Trail ist aufgrund von Steigungen und Treppen f\u00fcr Rollst\u00fchle und Kinderwagen nur bedingt geeignet. Alle Orte sind jedoch erreichbar.","voucher_link":"","start_location_coordinates":"47.06921, 15.44475","start_location_name":"Lichtschwert","start_location_address":"Franz-Graf-Allee, 8010 Graz, \u00d6sterreich","end_location_name":"Kunsthaus","partner_object":null},"_links":{"self":[{"href":"https:\/\/explorial.com\/de\/wp-json\/wp\/v2\/product\/145627","targetHints":{"allow":["GET"]}}],"collection":[{"href":"https:\/\/explorial.com\/de\/wp-json\/wp\/v2\/product"}],"about":[{"href":"https:\/\/explorial.com\/de\/wp-json\/wp\/v2\/types\/product"}],"replies":[{"embeddable":true,"href":"https:\/\/explorial.com\/de\/wp-json\/wp\/v2\/comments?post=145627"}],"wp:featuredmedia":[{"embeddable":true,"href":"https:\/\/explorial.com\/de\/wp-json\/wp\/v2\/media\/279434"}],"wp:attachment":[{"href":"https:\/\/explorial.com\/de\/wp-json\/wp\/v2\/media?parent=145627"}],"wp:term":[{"taxonomy":"product_brand","embeddable":true,"href":"https:\/\/explorial.com\/de\/wp-json\/wp\/v2\/product_brand?post=145627"},{"taxonomy":"product_cat","embeddable":true,"href":"https:\/\/explorial.com\/de\/wp-json\/wp\/v2\/product_cat?post=145627"},{"taxonomy":"product_tag","embeddable":true,"href":"https:\/\/explorial.com\/de\/wp-json\/wp\/v2\/product_tag?post=145627"}],"curies":[{"name":"wp","href":"https:\/\/api.w.org\/{rel}","templated":true}]}}