{"id":139730,"date":"2023-10-06T09:35:32","date_gmt":"2023-10-06T09:35:32","guid":{"rendered":"https:\/\/explorial.com\/trails\/staedtetour-basel-2\/"},"modified":"2024-09-16T10:10:13","modified_gmt":"2024-09-16T10:10:13","slug":"staedtetour-basel-2","status":"publish","type":"product","link":"https:\/\/explorial.com\/de\/trails\/staedtetour-basel-2\/","title":{"rendered":"Basel (Kleinbasel)"},"content":{"rendered":"","protected":false},"excerpt":{"rendered":"","protected":false},"featured_media":139662,"comment_status":"open","ping_status":"closed","template":"","meta":{"_acf_changed":false},"product_brand":[],"product_cat":[818,833],"product_tag":[848],"class_list":{"0":"post-139730","1":"product","2":"type-product","3":"status-publish","4":"has-post-thumbnail","6":"product_cat-switzerland-de","7":"product_cat-central-and-northwestern-switzerland-de","8":"product_tag-basel-de","10":"first","11":"instock","12":"sale","13":"taxable","14":"shipping-taxable","15":"purchasable","16":"product-type-variable"},"acf":{"city_name":"Basel","city_name_display":"Basel (Kleinbasel)","languages":"Deutsch, Englisch","duration":"etwa 1.5 - 2 Stunden","description_1":"","description_2":"","city_description":"Basel, die Stadt am Dreil\u00e4ndereck, ist immer eine Reise wert. Nach Explorial Basel, das sich nur im Grossbasel abspielt, wird in diesem Trail vor allem auch Kleinbasel entdeckt, mit nur einigen Highlights der Grossbasel-Seite.","short_description":"","notes":"","header_image":139656,"highlight_locations":"Rathaus, B\u00fcrgerliches Waisenhaus Basel, Wettsteinbr\u00fccke","additional_wheelchair":"Dieser Trail ist aufgrund von Steigungen und Treppen f\u00fcr Rollst\u00fchle und Kinderwagen nur bedingt geeignet. Alle Orte sind jedoch erreichbar.","voucher_link":"","start_location_coordinates":"47.55797, 7.58803","start_location_name":"Marktplatz","start_location_address":"CH-4001 Basel\n","end_location_name":"Galluspforte am Basler M\u00fcnster","partner_object":null},"_links":{"self":[{"href":"https:\/\/explorial.com\/de\/wp-json\/wp\/v2\/product\/139730","targetHints":{"allow":["GET"]}}],"collection":[{"href":"https:\/\/explorial.com\/de\/wp-json\/wp\/v2\/product"}],"about":[{"href":"https:\/\/explorial.com\/de\/wp-json\/wp\/v2\/types\/product"}],"replies":[{"embeddable":true,"href":"https:\/\/explorial.com\/de\/wp-json\/wp\/v2\/comments?post=139730"}],"wp:featuredmedia":[{"embeddable":true,"href":"https:\/\/explorial.com\/de\/wp-json\/wp\/v2\/media\/139662"}],"wp:attachment":[{"href":"https:\/\/explorial.com\/de\/wp-json\/wp\/v2\/media?parent=139730"}],"wp:term":[{"taxonomy":"product_brand","embeddable":true,"href":"https:\/\/explorial.com\/de\/wp-json\/wp\/v2\/product_brand?post=139730"},{"taxonomy":"product_cat","embeddable":true,"href":"https:\/\/explorial.com\/de\/wp-json\/wp\/v2\/product_cat?post=139730"},{"taxonomy":"product_tag","embeddable":true,"href":"https:\/\/explorial.com\/de\/wp-json\/wp\/v2\/product_tag?post=139730"}],"curies":[{"name":"wp","href":"https:\/\/api.w.org\/{rel}","templated":true}]}}