{"id":122708,"date":"2023-09-27T13:37:05","date_gmt":"2023-09-27T13:37:05","guid":{"rendered":"https:\/\/explorial.com\/trails\/staedtetour-belo-horizonte-1\/"},"modified":"2024-09-09T10:06:54","modified_gmt":"2024-09-09T10:06:54","slug":"staedtetour-belo-horizonte-1","status":"publish","type":"product","link":"https:\/\/explorial.com\/de\/trails\/staedtetour-belo-horizonte-1\/","title":{"rendered":"Belo Horizonte"},"content":{"rendered":"","protected":false},"excerpt":{"rendered":"","protected":false},"featured_media":122610,"comment_status":"open","ping_status":"closed","template":"","meta":{"_acf_changed":false},"product_brand":[],"product_cat":[1632,1638],"product_tag":[2032],"class_list":{"0":"post-122708","1":"product","2":"type-product","3":"status-publish","4":"has-post-thumbnail","6":"product_cat-brazil-de","7":"product_cat-southeast-region-de","8":"product_tag-belo-horizonte-de","10":"first","11":"instock","12":"sale","13":"taxable","14":"shipping-taxable","15":"purchasable","16":"product-type-variable"},"acf":{"city_name":"Belo Horizonte","city_name_display":"Belo Horizonte","languages":"Portugiesisch, Englisch, Spanisch","duration":"etwa 1.5 - 2 Stunden","description_1":"","description_2":"","city_description":"","short_description":"","notes":"","header_image":122598,"highlight_locations":"Edif\u00edcio Niemeyer , Pal\u00e1cio da Liberdade, Alameda Travessia - Pra\u00e7a da Liberdade","additional_wheelchair":"Dieser Trail ist aufgrund von Steigungen und Treppen f\u00fcr Rollst\u00fchle und Kinderwagen nur bedingt geeignet. Alle Orte sind jedoch erreichbar.","voucher_link":"","start_location_coordinates":"-19.93157, -43.93822","start_location_name":"Pra\u00e7a da Liberdade","start_location_address":"Coreto da Pra\u00e7a da Liberdade, 30140-190, Brasil","end_location_name":"Pal\u00e1cio das Artes ","partner_object":null},"_links":{"self":[{"href":"https:\/\/explorial.com\/de\/wp-json\/wp\/v2\/product\/122708","targetHints":{"allow":["GET"]}}],"collection":[{"href":"https:\/\/explorial.com\/de\/wp-json\/wp\/v2\/product"}],"about":[{"href":"https:\/\/explorial.com\/de\/wp-json\/wp\/v2\/types\/product"}],"replies":[{"embeddable":true,"href":"https:\/\/explorial.com\/de\/wp-json\/wp\/v2\/comments?post=122708"}],"wp:featuredmedia":[{"embeddable":true,"href":"https:\/\/explorial.com\/de\/wp-json\/wp\/v2\/media\/122610"}],"wp:attachment":[{"href":"https:\/\/explorial.com\/de\/wp-json\/wp\/v2\/media?parent=122708"}],"wp:term":[{"taxonomy":"product_brand","embeddable":true,"href":"https:\/\/explorial.com\/de\/wp-json\/wp\/v2\/product_brand?post=122708"},{"taxonomy":"product_cat","embeddable":true,"href":"https:\/\/explorial.com\/de\/wp-json\/wp\/v2\/product_cat?post=122708"},{"taxonomy":"product_tag","embeddable":true,"href":"https:\/\/explorial.com\/de\/wp-json\/wp\/v2\/product_tag?post=122708"}],"curies":[{"name":"wp","href":"https:\/\/api.w.org\/{rel}","templated":true}]}}