{"id":119960,"date":"2023-09-27T13:20:52","date_gmt":"2023-09-27T13:20:52","guid":{"rendered":"https:\/\/explorial.com\/trails\/staedtetour-stadt-san-marino-1\/"},"modified":"2024-09-10T09:43:18","modified_gmt":"2024-09-10T09:43:18","slug":"staedtetour-stadt-san-marino-1","status":"publish","type":"product","link":"https:\/\/explorial.com\/de\/trails\/staedtetour-stadt-san-marino-1\/","title":{"rendered":"Stadt San Marino"},"content":{"rendered":"","protected":false},"excerpt":{"rendered":"","protected":false},"featured_media":119886,"comment_status":"open","ping_status":"closed","template":"","meta":{"_acf_changed":false},"product_brand":[],"product_cat":[2014,2008],"product_tag":[2001],"class_list":{"0":"post-119960","1":"product","2":"type-product","3":"status-publish","4":"has-post-thumbnail","6":"product_cat-san-marino-region-de","7":"product_cat-san-marino-de","8":"product_tag-city-of-san-marino","10":"first","11":"instock","12":"sale","13":"taxable","14":"shipping-taxable","15":"purchasable","16":"product-type-variable"},"acf":{"city_name":"Stadt San Marino","city_name_display":"Stadt San Marino","languages":"Italienisch, Englisch","duration":"etwa 1.5 - 2 Stunden","description_1":"","description_2":"","city_description":"","short_description":"","notes":"","header_image":119880,"highlight_locations":"Le Mura, Piazza della Libert\u00e0, Seconda Torre: Cesta o Fratta","additional_wheelchair":"Dieser Trail ist aufgrund von Steigungen und Treppen f\u00fcr Rollst\u00fchle und Kinderwagen nur bedingt geeignet. Alle Orte sind jedoch erreichbar.","voucher_link":"","start_location_coordinates":"43.9347, 12.44756","start_location_name":"Piazza Sant\u2019Agata","start_location_address":"Piazza Sant'Agata, 5, 47890 Citt\u00e0 di San Marino, San Marino","end_location_name":"Porta della Fratta","partner_object":null},"_links":{"self":[{"href":"https:\/\/explorial.com\/de\/wp-json\/wp\/v2\/product\/119960","targetHints":{"allow":["GET"]}}],"collection":[{"href":"https:\/\/explorial.com\/de\/wp-json\/wp\/v2\/product"}],"about":[{"href":"https:\/\/explorial.com\/de\/wp-json\/wp\/v2\/types\/product"}],"replies":[{"embeddable":true,"href":"https:\/\/explorial.com\/de\/wp-json\/wp\/v2\/comments?post=119960"}],"wp:featuredmedia":[{"embeddable":true,"href":"https:\/\/explorial.com\/de\/wp-json\/wp\/v2\/media\/119886"}],"wp:attachment":[{"href":"https:\/\/explorial.com\/de\/wp-json\/wp\/v2\/media?parent=119960"}],"wp:term":[{"taxonomy":"product_brand","embeddable":true,"href":"https:\/\/explorial.com\/de\/wp-json\/wp\/v2\/product_brand?post=119960"},{"taxonomy":"product_cat","embeddable":true,"href":"https:\/\/explorial.com\/de\/wp-json\/wp\/v2\/product_cat?post=119960"},{"taxonomy":"product_tag","embeddable":true,"href":"https:\/\/explorial.com\/de\/wp-json\/wp\/v2\/product_tag?post=119960"}],"curies":[{"name":"wp","href":"https:\/\/api.w.org\/{rel}","templated":true}]}}