{"id":108397,"date":"2023-08-14T15:08:19","date_gmt":"2023-08-14T15:08:19","guid":{"rendered":"https:\/\/explorial.com\/trails\/staedtetour-hanoi-1\/"},"modified":"2024-09-10T14:10:32","modified_gmt":"2024-09-10T14:10:32","slug":"staedtetour-hanoi-1","status":"publish","type":"product","link":"https:\/\/explorial.com\/de\/trails\/staedtetour-hanoi-1\/","title":{"rendered":"Hanoi"},"content":{"rendered":"","protected":false},"excerpt":{"rendered":"","protected":false},"featured_media":108329,"comment_status":"open","ping_status":"closed","template":"","meta":{"_acf_changed":false},"product_brand":[],"product_cat":[1809,1489],"product_tag":[1802],"class_list":{"0":"post-108397","1":"product","2":"type-product","3":"status-publish","4":"has-post-thumbnail","6":"product_cat-red-river-delta-de","7":"product_cat-vietnam-de","8":"product_tag-hanoi","10":"first","11":"instock","12":"sale","13":"taxable","14":"shipping-taxable","15":"purchasable","16":"product-type-variable"},"acf":{"city_name":"Hanoi","city_name_display":"Hanoi","languages":"Deutsch, Englisch","duration":"etwa 1.5 - 2 Stunden","description_1":"","description_2":"","city_description":"Erlebe die einzigartige Mischung aus traditioneller vietnamesischer Kultur und modernem Stadtleben in Hanoi. Tauche ein in die reiche Geschichte und Kultur der Stadt, genie\u00dfe das weltber\u00fchmte Stra\u00dfenessen und erlebe das pulsierende Nachtleben.","short_description":"","notes":"","header_image":108323,"highlight_locations":"Hanoi Opera House, St Joseph\u2019s Cathedral, Ngoc Son Temple","additional_wheelchair":"Dieser Trail ist aufgrund von Steigungen und Treppen f\u00fcr Rollst\u00fchle und Kinderwagen nur bedingt geeignet. Alle Orte sind jedoch erreichbar.","voucher_link":"","start_location_coordinates":"21.023451, 105.857048","start_location_name":"August 19 Garten","start_location_address":"V\u01b0\u1eddn hoa Nh\u00e0 h\u00e1t l\u1edbn, Hanoi, Vietnam","end_location_name":"St.-Joseph-Kathedrale","partner_object":null},"_links":{"self":[{"href":"https:\/\/explorial.com\/de\/wp-json\/wp\/v2\/product\/108397","targetHints":{"allow":["GET"]}}],"collection":[{"href":"https:\/\/explorial.com\/de\/wp-json\/wp\/v2\/product"}],"about":[{"href":"https:\/\/explorial.com\/de\/wp-json\/wp\/v2\/types\/product"}],"replies":[{"embeddable":true,"href":"https:\/\/explorial.com\/de\/wp-json\/wp\/v2\/comments?post=108397"}],"wp:featuredmedia":[{"embeddable":true,"href":"https:\/\/explorial.com\/de\/wp-json\/wp\/v2\/media\/108329"}],"wp:attachment":[{"href":"https:\/\/explorial.com\/de\/wp-json\/wp\/v2\/media?parent=108397"}],"wp:term":[{"taxonomy":"product_brand","embeddable":true,"href":"https:\/\/explorial.com\/de\/wp-json\/wp\/v2\/product_brand?post=108397"},{"taxonomy":"product_cat","embeddable":true,"href":"https:\/\/explorial.com\/de\/wp-json\/wp\/v2\/product_cat?post=108397"},{"taxonomy":"product_tag","embeddable":true,"href":"https:\/\/explorial.com\/de\/wp-json\/wp\/v2\/product_tag?post=108397"}],"curies":[{"name":"wp","href":"https:\/\/api.w.org\/{rel}","templated":true}]}}