{"id":107491,"date":"2023-08-14T14:37:54","date_gmt":"2023-08-14T14:37:54","guid":{"rendered":"https:\/\/explorial.com\/trails\/staedtetour-porto-2\/"},"modified":"2024-09-17T13:15:06","modified_gmt":"2024-09-17T13:15:06","slug":"staedtetour-porto-2","status":"publish","type":"product","link":"https:\/\/explorial.com\/de\/trails\/staedtetour-porto-2\/","title":{"rendered":"Porto (Gaia)"},"content":{"rendered":"","protected":false},"excerpt":{"rendered":"","protected":false},"featured_media":107423,"comment_status":"open","ping_status":"closed","template":"","meta":{"_acf_changed":false},"product_brand":[],"product_cat":[490,477],"product_tag":[392],"class_list":{"0":"post-107491","1":"product","2":"type-product","3":"status-publish","4":"has-post-thumbnail","6":"product_cat-northern-portugal-de","7":"product_cat-portugal-de","8":"product_tag-porto","10":"first","11":"instock","12":"sale","13":"taxable","14":"shipping-taxable","15":"purchasable","16":"product-type-variable"},"acf":{"city_name":"Porto","city_name_display":"Porto (Gaia)","languages":"Portugiesisch, Englisch","duration":"etwa 1.5 - 2 Stunden","description_1":"","description_2":"","city_description":"","short_description":"","notes":"","header_image":107417,"highlight_locations":"Ponte Lu\u00eds I, Jardim do Morro, Teatro Nacional de S\u00e3o Jo\u00e3o","additional_wheelchair":"Dieser Trail ist aufgrund von Steigungen und Treppen f\u00fcr Rollst\u00fchle und Kinderwagen nur bedingt geeignet. Alle Orte sind jedoch erreichbar.","voucher_link":"","start_location_coordinates":"41.14883, -8.60773","start_location_name":"Casa Hort\u00edcola","start_location_address":"Rua de S\u00e1 da Bandeira 304, 4000-429, Porto, Portugal","end_location_name":"Caves Cal\u00e9m","partner_object":null},"_links":{"self":[{"href":"https:\/\/explorial.com\/de\/wp-json\/wp\/v2\/product\/107491","targetHints":{"allow":["GET"]}}],"collection":[{"href":"https:\/\/explorial.com\/de\/wp-json\/wp\/v2\/product"}],"about":[{"href":"https:\/\/explorial.com\/de\/wp-json\/wp\/v2\/types\/product"}],"replies":[{"embeddable":true,"href":"https:\/\/explorial.com\/de\/wp-json\/wp\/v2\/comments?post=107491"}],"wp:featuredmedia":[{"embeddable":true,"href":"https:\/\/explorial.com\/de\/wp-json\/wp\/v2\/media\/107423"}],"wp:attachment":[{"href":"https:\/\/explorial.com\/de\/wp-json\/wp\/v2\/media?parent=107491"}],"wp:term":[{"taxonomy":"product_brand","embeddable":true,"href":"https:\/\/explorial.com\/de\/wp-json\/wp\/v2\/product_brand?post=107491"},{"taxonomy":"product_cat","embeddable":true,"href":"https:\/\/explorial.com\/de\/wp-json\/wp\/v2\/product_cat?post=107491"},{"taxonomy":"product_tag","embeddable":true,"href":"https:\/\/explorial.com\/de\/wp-json\/wp\/v2\/product_tag?post=107491"}],"curies":[{"name":"wp","href":"https:\/\/api.w.org\/{rel}","templated":true}]}}