{"id":107275,"date":"2023-08-14T14:32:04","date_gmt":"2023-08-14T14:32:04","guid":{"rendered":"https:\/\/explorial.com\/trails\/staedtetour-oviedo-1\/"},"modified":"2024-09-17T08:09:00","modified_gmt":"2024-09-17T08:09:00","slug":"staedtetour-oviedo-1","status":"publish","type":"product","link":"https:\/\/explorial.com\/de\/trails\/staedtetour-oviedo-1\/","title":{"rendered":"Oviedo"},"content":{"rendered":"","protected":false},"excerpt":{"rendered":"","protected":false},"featured_media":107207,"comment_status":"open","ping_status":"closed","template":"","meta":{"_acf_changed":false},"product_brand":[],"product_cat":[1773,484],"product_tag":[1779],"class_list":{"0":"post-107275","1":"product","2":"type-product","3":"status-publish","4":"has-post-thumbnail","6":"product_cat-principality-of-asturias-de","7":"product_cat-spain-de","8":"product_tag-oviedo-de","10":"first","11":"instock","12":"sale","13":"taxable","14":"shipping-taxable","15":"purchasable","16":"product-type-variable"},"acf":{"city_name":"Oviedo","city_name_display":"Oviedo","languages":"Spanisch, Englisch","duration":"etwa 1.5 - 2 Stunden","description_1":"","description_2":"","city_description":"","short_description":"","notes":"","header_image":107201,"highlight_locations":"Catedral de Oviedo, Campo de San Francisco, Teatro Campoamor","additional_wheelchair":"Dieser Trail ist aufgrund von Steigungen und Treppen f\u00fcr Rollst\u00fchle und Kinderwagen nur bedingt geeignet. Alle Orte sind jedoch erreichbar.","voucher_link":"","start_location_coordinates":"43.36037, -5.84512","start_location_name":"Centro de Informaci\u00f3n Tur\u00edstica del Principado de Asturias","start_location_address":"Pl. de la Constituci\u00f3n, 4, 33009 Oviedo, Espa\u00f1a","end_location_name":"Campo de San Francisco","partner_object":null},"_links":{"self":[{"href":"https:\/\/explorial.com\/de\/wp-json\/wp\/v2\/product\/107275","targetHints":{"allow":["GET"]}}],"collection":[{"href":"https:\/\/explorial.com\/de\/wp-json\/wp\/v2\/product"}],"about":[{"href":"https:\/\/explorial.com\/de\/wp-json\/wp\/v2\/types\/product"}],"replies":[{"embeddable":true,"href":"https:\/\/explorial.com\/de\/wp-json\/wp\/v2\/comments?post=107275"}],"wp:featuredmedia":[{"embeddable":true,"href":"https:\/\/explorial.com\/de\/wp-json\/wp\/v2\/media\/107207"}],"wp:attachment":[{"href":"https:\/\/explorial.com\/de\/wp-json\/wp\/v2\/media?parent=107275"}],"wp:term":[{"taxonomy":"product_brand","embeddable":true,"href":"https:\/\/explorial.com\/de\/wp-json\/wp\/v2\/product_brand?post=107275"},{"taxonomy":"product_cat","embeddable":true,"href":"https:\/\/explorial.com\/de\/wp-json\/wp\/v2\/product_cat?post=107275"},{"taxonomy":"product_tag","embeddable":true,"href":"https:\/\/explorial.com\/de\/wp-json\/wp\/v2\/product_tag?post=107275"}],"curies":[{"name":"wp","href":"https:\/\/api.w.org\/{rel}","templated":true}]}}