{"id":101860,"date":"2023-07-27T08:55:22","date_gmt":"2023-07-27T08:55:22","guid":{"rendered":"https:\/\/explorial.com\/trails\/staedtetour-sao-paulo-2\/"},"modified":"2024-09-09T10:34:40","modified_gmt":"2024-09-09T10:34:40","slug":"staedtetour-sao-paulo-2","status":"publish","type":"product","link":"https:\/\/explorial.com\/de\/trails\/staedtetour-sao-paulo-2\/","title":{"rendered":"S\u00e3o Paulo (Avenida Paulista)"},"content":{"rendered":"","protected":false},"excerpt":{"rendered":"","protected":false},"featured_media":101792,"comment_status":"open","ping_status":"closed","template":"","meta":{"_acf_changed":false},"product_brand":[],"product_cat":[1632,1638],"product_tag":[1643],"class_list":{"0":"post-101860","1":"product","2":"type-product","3":"status-publish","4":"has-post-thumbnail","6":"product_cat-brazil-de","7":"product_cat-southeast-region-de","8":"product_tag-sao-paulo","10":"first","11":"instock","12":"sale","13":"taxable","14":"shipping-taxable","15":"purchasable","16":"product-type-variable"},"acf":{"city_name":"S\u00e3o Paulo","city_name_display":"S\u00e3o Paulo (Avenida Paulista)","languages":"Spanisch, Portugiesisch, Englisch","duration":"etwa 1.5 - 2 Stunden","description_1":"","description_2":"","city_description":"","short_description":"","notes":"","header_image":101786,"highlight_locations":"Japan House, Parque Trianon, Edif\u00edcio Gazeta","additional_wheelchair":"Dieser Trail ist aufgrund von Steigungen und Treppen f\u00fcr Rollst\u00fchle und Kinderwagen nur bedingt geeignet. Alle Orte sind jedoch erreichbar.","voucher_link":"","start_location_coordinates":"-23.57111, -46.64423","start_location_name":"Pra\u00e7a Oswaldo Cruz","start_location_address":"Pra\u00e7a Oswaldo Cruz, 04004-070, Brasil","end_location_name":"IMS Paulista","partner_object":null},"_links":{"self":[{"href":"https:\/\/explorial.com\/de\/wp-json\/wp\/v2\/product\/101860","targetHints":{"allow":["GET"]}}],"collection":[{"href":"https:\/\/explorial.com\/de\/wp-json\/wp\/v2\/product"}],"about":[{"href":"https:\/\/explorial.com\/de\/wp-json\/wp\/v2\/types\/product"}],"replies":[{"embeddable":true,"href":"https:\/\/explorial.com\/de\/wp-json\/wp\/v2\/comments?post=101860"}],"wp:featuredmedia":[{"embeddable":true,"href":"https:\/\/explorial.com\/de\/wp-json\/wp\/v2\/media\/101792"}],"wp:attachment":[{"href":"https:\/\/explorial.com\/de\/wp-json\/wp\/v2\/media?parent=101860"}],"wp:term":[{"taxonomy":"product_brand","embeddable":true,"href":"https:\/\/explorial.com\/de\/wp-json\/wp\/v2\/product_brand?post=101860"},{"taxonomy":"product_cat","embeddable":true,"href":"https:\/\/explorial.com\/de\/wp-json\/wp\/v2\/product_cat?post=101860"},{"taxonomy":"product_tag","embeddable":true,"href":"https:\/\/explorial.com\/de\/wp-json\/wp\/v2\/product_tag?post=101860"}],"curies":[{"name":"wp","href":"https:\/\/api.w.org\/{rel}","templated":true}]}}