{"id":101643,"date":"2023-07-27T08:49:30","date_gmt":"2023-07-27T08:49:30","guid":{"rendered":"https:\/\/explorial.com\/trails\/staedtetour-furth-1\/"},"modified":"2024-09-16T11:58:33","modified_gmt":"2024-09-16T11:58:33","slug":"staedtetour-furth-1","status":"publish","type":"product","link":"https:\/\/explorial.com\/de\/trails\/staedtetour-furth-1\/","title":{"rendered":"F\u00fcrth"},"content":{"rendered":"","protected":false},"excerpt":{"rendered":"","protected":false},"featured_media":101575,"comment_status":"open","ping_status":"closed","template":"","meta":{"_acf_changed":false},"product_brand":[],"product_cat":[587,555],"product_tag":[1669],"class_list":{"0":"post-101643","1":"product","2":"type-product","3":"status-publish","4":"has-post-thumbnail","6":"product_cat-bavaria-de","7":"product_cat-germany-de","8":"product_tag-furth-de","10":"first","11":"instock","12":"sale","13":"taxable","14":"shipping-taxable","15":"purchasable","16":"product-type-variable"},"acf":{"city_name":"F\u00fcrth","city_name_display":"F\u00fcrth","languages":"Deutsch, Englisch","duration":"etwa 1.5 - 2 Stunden","description_1":"","description_2":"","city_description":"Ein Ort, an dem auch dreibl\u00e4ttrige Kleebl\u00e4tter Gl\u00fcck versprechen und Uhrzeiger sich ein paar Sekunden langsamer zu drehen scheinen. F\u00fcrth entschleunigt, um seine Besucher\/-innen dann mancherorts wiederum doch mit viel buntem Wirbel zu \u00fcberraschen. Ein geschichtstr\u00e4chtiger Insidertipp auf der Landkarte, der mit seinen zahlreichen denkmalgesch\u00fctzten H\u00e4uschen, romantischen G\u00e4sschen und jeder Menge erholsamen Naturraum f\u00fcr viel Staunen und entspanntes Gl\u00fccklichsein sorgt. ","short_description":"","notes":"","header_image":101569,"highlight_locations":"Gustavstra\u00dfe, Pfarrgasse, Stadtpark","additional_wheelchair":"Dieser Trail ist aufgrund von Steigungen und Treppen f\u00fcr Rollst\u00fchle und Kinderwagen nur bedingt geeignet. Alle Orte sind jedoch erreichbar.","voucher_link":"","start_location_coordinates":"49.472091, 10.992090","start_location_name":"F\u00fcrther Freiheit","start_location_address":"90762 F\u00fcrth, Deutschland","end_location_name":"Stadtpark","partner_object":null},"_links":{"self":[{"href":"https:\/\/explorial.com\/de\/wp-json\/wp\/v2\/product\/101643","targetHints":{"allow":["GET"]}}],"collection":[{"href":"https:\/\/explorial.com\/de\/wp-json\/wp\/v2\/product"}],"about":[{"href":"https:\/\/explorial.com\/de\/wp-json\/wp\/v2\/types\/product"}],"replies":[{"embeddable":true,"href":"https:\/\/explorial.com\/de\/wp-json\/wp\/v2\/comments?post=101643"}],"wp:featuredmedia":[{"embeddable":true,"href":"https:\/\/explorial.com\/de\/wp-json\/wp\/v2\/media\/101575"}],"wp:attachment":[{"href":"https:\/\/explorial.com\/de\/wp-json\/wp\/v2\/media?parent=101643"}],"wp:term":[{"taxonomy":"product_brand","embeddable":true,"href":"https:\/\/explorial.com\/de\/wp-json\/wp\/v2\/product_brand?post=101643"},{"taxonomy":"product_cat","embeddable":true,"href":"https:\/\/explorial.com\/de\/wp-json\/wp\/v2\/product_cat?post=101643"},{"taxonomy":"product_tag","embeddable":true,"href":"https:\/\/explorial.com\/de\/wp-json\/wp\/v2\/product_tag?post=101643"}],"curies":[{"name":"wp","href":"https:\/\/api.w.org\/{rel}","templated":true}]}}