{"id":98219,"date":"2023-07-10T11:52:42","date_gmt":"2023-07-10T11:52:42","guid":{"rendered":"https:\/\/explorial.com\/trails\/stadttour-mexiko-stadt-1\/"},"modified":"2024-09-10T07:55:06","modified_gmt":"2024-09-10T07:55:06","slug":"stadttour-mexiko-stadt-1","status":"publish","type":"product","link":"https:\/\/explorial.com\/de-ch\/trails\/stadttour-mexiko-stadt-1\/","title":{"rendered":"Mexiko-Stadt (Historisches Zentrum)"},"content":{"rendered":"","protected":false},"excerpt":{"rendered":"","protected":false},"featured_media":98124,"comment_status":"open","ping_status":"closed","template":"","meta":{"_acf_changed":false},"product_brand":[],"product_cat":[1335,1591],"product_tag":[1584],"class_list":{"0":"post-98219","1":"product","2":"type-product","3":"status-publish","4":"has-post-thumbnail","6":"product_cat-mexico-ch","7":"product_cat-central-mexico-ch","8":"product_tag-mexico-city-de","10":"first","11":"instock","12":"sale","13":"taxable","14":"shipping-taxable","15":"purchasable","16":"product-type-variable"},"acf":{"city_name":"Mexiko-Stadt","city_name_display":"Mexiko-Stadt (Historisches Zentrum)","languages":"Deutsch, Englisch","duration":"etwa 1.5 - 2 Stunden","description_1":"","description_2":"","city_description":"Mexiko-Stadt belegt aktuell Platz 5 der gr\u00f6\u00dften St\u00e4dte der Welt. In diesem Trail lernt ihr das historische Zentrum der Stadt kennen und begebt euch auf eine kleine Reise durch die Zeit. Kaum eine Stadt ist so vielf\u00e4ltig in ihren Traditionen, ihrem Erscheinungsbild und feiert all ihre Facetten auf eine ganz eigene, bunte Art und Weise. \u00a1Vamos! ","short_description":"","notes":"","header_image":98118,"highlight_locations":"Palacio Postal, Palacio Nacional, Casa de los Azulejos","additional_wheelchair":"Dieser Trail ist aufgrund von Steigungen und Treppen f\u00fcr Rollst\u00fchle und Kinderwagen nur bedingt geeignet. Alle Orte sind jedoch erreichbar.","voucher_link":"","start_location_coordinates":"19.43121, -99.13247","start_location_name":"Z\u00f3calo\/Tenochtitlan","start_location_address":"Jos\u00e9 Mar\u00eda Pino Su\u00e1rez & Calle de Venustiano Carranza, 06060 Mexiko","end_location_name":"Casa de los Azulejos","partner_object":null},"_links":{"self":[{"href":"https:\/\/explorial.com\/de-ch\/wp-json\/wp\/v2\/product\/98219","targetHints":{"allow":["GET"]}}],"collection":[{"href":"https:\/\/explorial.com\/de-ch\/wp-json\/wp\/v2\/product"}],"about":[{"href":"https:\/\/explorial.com\/de-ch\/wp-json\/wp\/v2\/types\/product"}],"replies":[{"embeddable":true,"href":"https:\/\/explorial.com\/de-ch\/wp-json\/wp\/v2\/comments?post=98219"}],"wp:featuredmedia":[{"embeddable":true,"href":"https:\/\/explorial.com\/de-ch\/wp-json\/wp\/v2\/media\/98124"}],"wp:attachment":[{"href":"https:\/\/explorial.com\/de-ch\/wp-json\/wp\/v2\/media?parent=98219"}],"wp:term":[{"taxonomy":"product_brand","embeddable":true,"href":"https:\/\/explorial.com\/de-ch\/wp-json\/wp\/v2\/product_brand?post=98219"},{"taxonomy":"product_cat","embeddable":true,"href":"https:\/\/explorial.com\/de-ch\/wp-json\/wp\/v2\/product_cat?post=98219"},{"taxonomy":"product_tag","embeddable":true,"href":"https:\/\/explorial.com\/de-ch\/wp-json\/wp\/v2\/product_tag?post=98219"}],"curies":[{"name":"wp","href":"https:\/\/api.w.org\/{rel}","templated":true}]}}