{"id":96470,"date":"2023-06-26T12:09:44","date_gmt":"2023-06-26T12:09:44","guid":{"rendered":"https:\/\/explorial.com\/trails\/stadttour-neuchatel-1\/"},"modified":"2024-09-16T09:27:06","modified_gmt":"2024-09-16T09:27:06","slug":"stadttour-neuchatel-1","status":"publish","type":"product","link":"https:\/\/explorial.com\/de-ch\/trails\/stadttour-neuchatel-1\/","title":{"rendered":"Neuch\u00e2tel"},"content":{"rendered":"","protected":false},"excerpt":{"rendered":"","protected":false},"featured_media":96375,"comment_status":"open","ping_status":"closed","template":"","meta":{"_acf_changed":false},"product_brand":[],"product_cat":[874,819],"product_tag":[1553],"class_list":{"0":"post-96470","1":"product","2":"type-product","3":"status-publish","4":"has-post-thumbnail","6":"product_cat-lake-geneva-region-ch","7":"product_cat-switzerland-ch","8":"product_tag-neuchatel-de","10":"first","11":"instock","12":"sale","13":"taxable","14":"shipping-taxable","15":"purchasable","16":"product-type-variable"},"acf":{"city_name":"Neuch\u00e2tel","city_name_display":"Neuch\u00e2tel","languages":"Englisch, Franz\u00f6sisch, Deutsch","duration":"etwa 1.5 - 2 Stunden","description_1":"","description_2":"","city_description":"Neuenburg ist eine Stadt zwischen dem See und den Weinbergen, mit einem pr\u00e4chtigen Seeufer und wundersch\u00f6nen Bergen in der Umgebung. Es ist eine sehr gut erhaltene Stadt, in der du sowohl den Sonnenaufgang als auch den Sonnenuntergang erleben kannst! Mit einem atemberaubenden Blick auf die Alpen hat Neuenburg einen bezaubernden Charme. Mit ihren gepflasterten Stra\u00dfen und altmodischen Brunnen wird dich diese Stadt begeistern und deine Neugierde wecken.","short_description":"","notes":"","header_image":96369,"highlight_locations":"Ch\u00e2teau de Neuch\u00e2tel, Une rue fantastique, Quai Ostervald ","additional_wheelchair":"Dieser Trail ist aufgrund von Steigungen und Treppen f\u00fcr Rollst\u00fchle und Kinderwagen nur bedingt geeignet. Alle Orte sind jedoch erreichbar.","voucher_link":"","start_location_coordinates":"46.99186, 6.92674","start_location_name":"Ansicht von Neuenburg","start_location_address":"Rue du Ch\u00e2teau 1, 2000 Neuenburg","end_location_name":"Landebr\u00fccke ","partner_object":null},"_links":{"self":[{"href":"https:\/\/explorial.com\/de-ch\/wp-json\/wp\/v2\/product\/96470","targetHints":{"allow":["GET"]}}],"collection":[{"href":"https:\/\/explorial.com\/de-ch\/wp-json\/wp\/v2\/product"}],"about":[{"href":"https:\/\/explorial.com\/de-ch\/wp-json\/wp\/v2\/types\/product"}],"replies":[{"embeddable":true,"href":"https:\/\/explorial.com\/de-ch\/wp-json\/wp\/v2\/comments?post=96470"}],"wp:featuredmedia":[{"embeddable":true,"href":"https:\/\/explorial.com\/de-ch\/wp-json\/wp\/v2\/media\/96375"}],"wp:attachment":[{"href":"https:\/\/explorial.com\/de-ch\/wp-json\/wp\/v2\/media?parent=96470"}],"wp:term":[{"taxonomy":"product_brand","embeddable":true,"href":"https:\/\/explorial.com\/de-ch\/wp-json\/wp\/v2\/product_brand?post=96470"},{"taxonomy":"product_cat","embeddable":true,"href":"https:\/\/explorial.com\/de-ch\/wp-json\/wp\/v2\/product_cat?post=96470"},{"taxonomy":"product_tag","embeddable":true,"href":"https:\/\/explorial.com\/de-ch\/wp-json\/wp\/v2\/product_tag?post=96470"}],"curies":[{"name":"wp","href":"https:\/\/api.w.org\/{rel}","templated":true}]}}