{"id":93112,"date":"2023-06-01T20:41:14","date_gmt":"2023-06-01T20:41:14","guid":{"rendered":"https:\/\/explorial.com\/trails\/stadttour-segovia-1\/"},"modified":"2024-09-17T07:28:07","modified_gmt":"2024-09-17T07:28:07","slug":"stadttour-segovia-1","status":"publish","type":"product","link":"https:\/\/explorial.com\/de-ch\/trails\/stadttour-segovia-1\/","title":{"rendered":"Segovia"},"content":{"rendered":"","protected":false},"excerpt":{"rendered":"","protected":false},"featured_media":93017,"comment_status":"open","ping_status":"closed","template":"","meta":{"_acf_changed":false},"product_brand":[],"product_cat":[1451,980],"product_tag":[1444],"class_list":{"0":"post-93112","1":"product","2":"type-product","3":"status-publish","4":"has-post-thumbnail","6":"product_cat-castile-and-leon-ch","7":"product_cat-spain-ch","8":"product_tag-segovia-de","10":"first","11":"instock","12":"sale","13":"taxable","14":"shipping-taxable","15":"purchasable","16":"product-type-variable"},"acf":{"city_name":"Segovia","city_name_display":"Segovia","languages":"Spanisch, Englisch, Franz\u00f6sisch, Deutsch","duration":"etwa 1.5 - 2 Stunden","description_1":"","description_2":"","city_description":"Segovia wird dich mit seinen ikonischen Monumenten wie dem Alc\u00e1zar und dem r\u00f6mischen Aqu\u00e4dukt auf eine Zeitreise schicken. Die geschichtstr\u00e4chtige Altstadt von Segovia zu erkunden und die spektakul\u00e4ren Stadtmauern mit Panoramablick auf die Stadt zu entdecken, wird ein unvergessliches Erlebnis sein. In jeder Ecke von Segovia wirst du einen einzigartigen Charme finden, der dich zweifellos verzaubern wird.","short_description":"","notes":"","header_image":93011,"highlight_locations":"Plaza Mayor, Alc\u00e1zar de Segovia, Casa de los Picos","additional_wheelchair":"Dieser Trail ist aufgrund von Steigungen und Treppen f\u00fcr Rollst\u00fchle und Kinderwagen nur bedingt geeignet. Alle Orte sind jedoch erreichbar.","voucher_link":"","start_location_coordinates":"40.94798, -4.11829","start_location_name":"Centro de Recepci\u00f3n de Visitantes (Besucher-Empfangszentrum)","start_location_address":"Pl. Azoguejo, 40001, Spanien","end_location_name":"Alc\u00e1zar von Segovia","partner_object":null},"_links":{"self":[{"href":"https:\/\/explorial.com\/de-ch\/wp-json\/wp\/v2\/product\/93112","targetHints":{"allow":["GET"]}}],"collection":[{"href":"https:\/\/explorial.com\/de-ch\/wp-json\/wp\/v2\/product"}],"about":[{"href":"https:\/\/explorial.com\/de-ch\/wp-json\/wp\/v2\/types\/product"}],"replies":[{"embeddable":true,"href":"https:\/\/explorial.com\/de-ch\/wp-json\/wp\/v2\/comments?post=93112"}],"wp:featuredmedia":[{"embeddable":true,"href":"https:\/\/explorial.com\/de-ch\/wp-json\/wp\/v2\/media\/93017"}],"wp:attachment":[{"href":"https:\/\/explorial.com\/de-ch\/wp-json\/wp\/v2\/media?parent=93112"}],"wp:term":[{"taxonomy":"product_brand","embeddable":true,"href":"https:\/\/explorial.com\/de-ch\/wp-json\/wp\/v2\/product_brand?post=93112"},{"taxonomy":"product_cat","embeddable":true,"href":"https:\/\/explorial.com\/de-ch\/wp-json\/wp\/v2\/product_cat?post=93112"},{"taxonomy":"product_tag","embeddable":true,"href":"https:\/\/explorial.com\/de-ch\/wp-json\/wp\/v2\/product_tag?post=93112"}],"curies":[{"name":"wp","href":"https:\/\/api.w.org\/{rel}","templated":true}]}}