{"id":91641,"date":"2023-05-26T21:24:58","date_gmt":"2023-05-26T21:24:58","guid":{"rendered":"https:\/\/explorial.com\/trails\/stadttour-avignon-1\/"},"modified":"2024-09-17T08:48:23","modified_gmt":"2024-09-17T08:48:23","slug":"stadttour-avignon-1","status":"publish","type":"product","link":"https:\/\/explorial.com\/de-ch\/trails\/stadttour-avignon-1\/","title":{"rendered":"Avignon"},"content":{"rendered":"","protected":false},"excerpt":{"rendered":"","protected":false},"featured_media":91546,"comment_status":"open","ping_status":"closed","template":"","meta":{"_acf_changed":false},"product_brand":[],"product_cat":[1000,1001],"product_tag":[1390],"class_list":{"0":"post-91641","1":"product","2":"type-product","3":"status-publish","4":"has-post-thumbnail","6":"product_cat-france-ch","7":"product_cat-provence-alpes-cote-dazur-ch","8":"product_tag-avignon-de","10":"first","11":"instock","12":"sale","13":"taxable","14":"shipping-taxable","15":"purchasable","16":"product-type-variable"},"acf":{"city_name":"Avignon","city_name_display":"Avignon","languages":"Englisch, Franz\u00f6sisch, Italienisch, Deutsch","duration":"etwa 1.5 - 2 Stunden","description_1":"","description_2":"","city_description":"Avignon ist eine Stadt im S\u00fcden Frankreichs mit einer einzigartigen und \u00fcberraschenden Geschichte. Bekannt als \"Stadt der P\u00e4pste\", war sie fast ein Jahrzehnt lang die Hauptstadt der westlichen Christenheit und spielte damit eine wichtige Rolle in der europ\u00e4ischen Geschichte. Die am Ufer der Rh\u00f4ne gelegene Stadt ist voller Charme und wird dich zweifelsohne in Erstaunen versetzen. Avignon beherbergt auch den gr\u00f6\u00dften gotischen Palast der Welt, eines der atemberaubendsten Meisterwerke der gotischen Architektur.","short_description":"","notes":"","header_image":91540,"highlight_locations":"Quartier des teinturiers, Le Palais des Papes, H\u00f4tel de ville","additional_wheelchair":"Dieser Trail ist aufgrund von Steigungen und Treppen f\u00fcr Rollst\u00fchle und Kinderwagen nur bedingt geeignet. Alle Orte sind jedoch erreichbar.","voucher_link":"","start_location_coordinates":"43.94497, 4.81324","start_location_name":"Wasserrad","start_location_address":"45 rue des Teinturiers\n84000 Avignon, Frankreich","end_location_name":"Rathaus ","partner_object":null},"_links":{"self":[{"href":"https:\/\/explorial.com\/de-ch\/wp-json\/wp\/v2\/product\/91641","targetHints":{"allow":["GET"]}}],"collection":[{"href":"https:\/\/explorial.com\/de-ch\/wp-json\/wp\/v2\/product"}],"about":[{"href":"https:\/\/explorial.com\/de-ch\/wp-json\/wp\/v2\/types\/product"}],"replies":[{"embeddable":true,"href":"https:\/\/explorial.com\/de-ch\/wp-json\/wp\/v2\/comments?post=91641"}],"wp:featuredmedia":[{"embeddable":true,"href":"https:\/\/explorial.com\/de-ch\/wp-json\/wp\/v2\/media\/91546"}],"wp:attachment":[{"href":"https:\/\/explorial.com\/de-ch\/wp-json\/wp\/v2\/media?parent=91641"}],"wp:term":[{"taxonomy":"product_brand","embeddable":true,"href":"https:\/\/explorial.com\/de-ch\/wp-json\/wp\/v2\/product_brand?post=91641"},{"taxonomy":"product_cat","embeddable":true,"href":"https:\/\/explorial.com\/de-ch\/wp-json\/wp\/v2\/product_cat?post=91641"},{"taxonomy":"product_tag","embeddable":true,"href":"https:\/\/explorial.com\/de-ch\/wp-json\/wp\/v2\/product_tag?post=91641"}],"curies":[{"name":"wp","href":"https:\/\/api.w.org\/{rel}","templated":true}]}}