{"id":75621,"date":"2023-03-20T15:19:24","date_gmt":"2023-03-20T15:19:24","guid":{"rendered":"https:\/\/explorial.com\/trails\/stadttour-brandenburg-1\/"},"modified":"2024-09-16T11:52:54","modified_gmt":"2024-09-16T11:52:54","slug":"stadttour-brandenburg-1","status":"publish","type":"product","link":"https:\/\/explorial.com\/de-ch\/trails\/stadttour-brandenburg-1\/","title":{"rendered":"Brandenburg"},"content":{"rendered":"","protected":false},"excerpt":{"rendered":"","protected":false},"featured_media":75526,"comment_status":"open","ping_status":"closed","template":"","meta":{"_acf_changed":false},"product_brand":[],"product_cat":[1227,966],"product_tag":[1220],"class_list":{"0":"post-75621","1":"product","2":"type-product","3":"status-publish","4":"has-post-thumbnail","6":"product_cat-brandenburg-ch","7":"product_cat-germany-ch","8":"product_tag-brandenburg-de","10":"first","11":"instock","12":"sale","13":"taxable","14":"shipping-taxable","15":"purchasable","16":"product-type-variable"},"acf":{"city_name":"Brandenburg","city_name_display":"Brandenburg","languages":"Deutsch, Englisch","duration":"etwa 1.5 - 2 Stunden","description_1":"","description_2":"","city_description":"Nur rund 40 Minuten mit der Bahn von Berlin entfernt, erschlie\u00dft sich in Brandenburg eine ganz andere Welt. Trotz der wechselhaften Geschichte hat sich die Stadt an der Havel ihren mittelalterlichen Charme erhalten k\u00f6nnen. Nur wenige Geb\u00e4ude im Stadtinneren sind mehrst\u00f6ckig, deren alte Fachwerkh\u00e4user, Gassen, Kirchen und Promenaden zum Flanieren einladen. Obendrein k\u00f6nnen nicht viele St\u00e4dte behaupten, gleich drei Altst\u00e4dte zu haben. Als Tor zu einer einzigartigen Seen- und Auenlandschaft bietet Brandenburg zudem Naturgenuss pur. Mit einer tausendj\u00e4hrigen Stadtgeschichte und kulturellen Bedeutung ist es die \u201cWiege der Mark Brandenburg\u201d und wurde namensgebend f\u00fcr das gesamte Bundesland.","short_description":"","notes":"","header_image":92011,"highlight_locations":"Dominsel, Altst\u00e4dtisches Rathaus, Villa Lehmann","additional_wheelchair":"Dieser Trail ist aufgrund von Steigungen und Treppen f\u00fcr Rollst\u00fchle und Kinderwagen nur bedingt geeignet. Alle Orte sind jedoch erreichbar.","voucher_link":"","start_location_coordinates":"52.4090100, 12.5623522","start_location_name":"St. Katharinenkirche","start_location_address":"Katharinenkirchpl. 13, 14776 Brandenburg an der Havel","end_location_name":"Galatea","partner_object":null},"_links":{"self":[{"href":"https:\/\/explorial.com\/de-ch\/wp-json\/wp\/v2\/product\/75621","targetHints":{"allow":["GET"]}}],"collection":[{"href":"https:\/\/explorial.com\/de-ch\/wp-json\/wp\/v2\/product"}],"about":[{"href":"https:\/\/explorial.com\/de-ch\/wp-json\/wp\/v2\/types\/product"}],"replies":[{"embeddable":true,"href":"https:\/\/explorial.com\/de-ch\/wp-json\/wp\/v2\/comments?post=75621"}],"wp:featuredmedia":[{"embeddable":true,"href":"https:\/\/explorial.com\/de-ch\/wp-json\/wp\/v2\/media\/75526"}],"wp:attachment":[{"href":"https:\/\/explorial.com\/de-ch\/wp-json\/wp\/v2\/media?parent=75621"}],"wp:term":[{"taxonomy":"product_brand","embeddable":true,"href":"https:\/\/explorial.com\/de-ch\/wp-json\/wp\/v2\/product_brand?post=75621"},{"taxonomy":"product_cat","embeddable":true,"href":"https:\/\/explorial.com\/de-ch\/wp-json\/wp\/v2\/product_cat?post=75621"},{"taxonomy":"product_tag","embeddable":true,"href":"https:\/\/explorial.com\/de-ch\/wp-json\/wp\/v2\/product_tag?post=75621"}],"curies":[{"name":"wp","href":"https:\/\/api.w.org\/{rel}","templated":true}]}}