{"id":51448,"date":"2022-06-24T13:23:34","date_gmt":"2022-06-24T13:23:34","guid":{"rendered":"https:\/\/explorial.com\/trails\/stadttour-lille-1\/"},"modified":"2024-09-17T08:37:51","modified_gmt":"2024-09-17T08:37:51","slug":"stadttour-lille-1","status":"publish","type":"product","link":"https:\/\/explorial.com\/de-ch\/trails\/stadttour-lille-1\/","title":{"rendered":"Lille"},"content":{"rendered":"","protected":false},"excerpt":{"rendered":"","protected":false},"featured_media":51406,"comment_status":"open","ping_status":"closed","template":"","meta":{"_acf_changed":false},"product_brand":[],"product_cat":[1000,1005],"product_tag":[1004],"class_list":{"0":"post-51448","1":"product","2":"type-product","3":"status-publish","4":"has-post-thumbnail","6":"product_cat-france-ch","7":"product_cat-hauts-de-france-ch","8":"product_tag-lille-ch","10":"first","11":"instock","12":"sale","13":"taxable","14":"shipping-taxable","15":"purchasable","16":"product-type-variable"},"acf":{"city_name":"Lille","city_name_display":"Lille","languages":"Englisch, Franz\u00f6sisch, Italienisch, Deutsch","duration":"etwa 1.5 - 2 Stunden","description_1":"","description_2":"","city_description":"Lille, die Festung des Nordens, ist die H\u00fcterin der Grenzen der Vergangenheit. Heute ist die Hauptstadt Flanderns in vollem Aufschwung, lebendig und kulturell, und ver\u00e4ndert sich weiter: zwischen Waffeln, Bier und ihren neuen Stadtteilen.","short_description":"","notes":"","header_image":56258,"highlight_locations":"Place aux oignons, \u00celot Comtesse, Colonne de la d\u00e9esse","additional_wheelchair":"Dieser Trail ist aufgrund von Steigungen und Treppen f\u00fcr Rollst\u00fchle und Kinderwagen nur bedingt geeignet. Alle Orte sind jedoch erreichbar.","voucher_link":"","start_location_coordinates":"50.63674, 3.06358","start_location_name":"Der Grand'Place","start_location_address":"Place du G\u00e9n\u00e9ral de Gaulle\n59000 Lille","end_location_name":"Haus M\u00e9ert","partner_object":null},"_links":{"self":[{"href":"https:\/\/explorial.com\/de-ch\/wp-json\/wp\/v2\/product\/51448","targetHints":{"allow":["GET"]}}],"collection":[{"href":"https:\/\/explorial.com\/de-ch\/wp-json\/wp\/v2\/product"}],"about":[{"href":"https:\/\/explorial.com\/de-ch\/wp-json\/wp\/v2\/types\/product"}],"replies":[{"embeddable":true,"href":"https:\/\/explorial.com\/de-ch\/wp-json\/wp\/v2\/comments?post=51448"}],"wp:featuredmedia":[{"embeddable":true,"href":"https:\/\/explorial.com\/de-ch\/wp-json\/wp\/v2\/media\/51406"}],"wp:attachment":[{"href":"https:\/\/explorial.com\/de-ch\/wp-json\/wp\/v2\/media?parent=51448"}],"wp:term":[{"taxonomy":"product_brand","embeddable":true,"href":"https:\/\/explorial.com\/de-ch\/wp-json\/wp\/v2\/product_brand?post=51448"},{"taxonomy":"product_cat","embeddable":true,"href":"https:\/\/explorial.com\/de-ch\/wp-json\/wp\/v2\/product_cat?post=51448"},{"taxonomy":"product_tag","embeddable":true,"href":"https:\/\/explorial.com\/de-ch\/wp-json\/wp\/v2\/product_tag?post=51448"}],"curies":[{"name":"wp","href":"https:\/\/api.w.org\/{rel}","templated":true}]}}