{"id":51324,"date":"2022-04-01T13:29:06","date_gmt":"2022-04-01T13:29:06","guid":{"rendered":"https:\/\/explorial.com\/trails\/stadttour-colmar-1\/"},"modified":"2024-09-17T08:59:51","modified_gmt":"2024-09-17T08:59:51","slug":"stadttour-colmar-1","status":"publish","type":"product","link":"https:\/\/explorial.com\/de-ch\/trails\/stadttour-colmar-1\/","title":{"rendered":"Colmar"},"content":{"rendered":"","protected":false},"excerpt":{"rendered":"","protected":false},"featured_media":51331,"comment_status":"open","ping_status":"closed","template":"","meta":{"_acf_changed":false},"product_brand":[],"product_cat":[1000,1003],"product_tag":[520],"class_list":{"0":"post-51324","1":"product","2":"type-product","3":"status-publish","4":"has-post-thumbnail","6":"product_cat-france-ch","7":"product_cat-grand-est-ch","8":"product_tag-colmar-de","10":"first","11":"instock","12":"sale","13":"taxable","14":"shipping-taxable","15":"purchasable","16":"product-type-variable"},"acf":{"city_name":"Colmar","city_name_display":"Colmar","languages":"Franz\u00f6sisch, Englisch, Italienisch, Deutsch","duration":"etwa 1.5 - 2 Stunden","description_1":"","description_2":"","city_description":"Colmar, die Hauptstadt der els\u00e4ssischen Weine, zieht jeden, der hier vorbeikommt, in ihren Bann. Es ist eine intime Stadt, die weltweit f\u00fcr ihre Sch\u00f6nheit und Geschichte bekannt ist. Du wirst dich f\u00fchlen, als w\u00fcrdest du eine Postkarte besuchen. Mit seinen farbenfrohen Fachwerkh\u00e4usern und gepflasterten Stra\u00dfen verk\u00f6rpert Colmar perfekt die els\u00e4ssischen Traditionen und die Lebenskunst der Region.","short_description":"","notes":"","header_image":59801,"highlight_locations":"Place Rapp, La Petite Venise, Place de l\u2019Ancienne Douane","additional_wheelchair":"Dieser Trail ist aufgrund von Steigungen und Treppen f\u00fcr Rollst\u00fchle und Kinderwagen nur bedingt geeignet. Alle Orte sind jedoch erreichbar.","voucher_link":"","start_location_coordinates":"48.07567, 7.35283","start_location_name":"Parc du Champs de Mars","start_location_address":"Av. de la R\u00e9publique, 68000 Colmar","end_location_name":"Klein-Venedig","partner_object":null},"_links":{"self":[{"href":"https:\/\/explorial.com\/de-ch\/wp-json\/wp\/v2\/product\/51324","targetHints":{"allow":["GET"]}}],"collection":[{"href":"https:\/\/explorial.com\/de-ch\/wp-json\/wp\/v2\/product"}],"about":[{"href":"https:\/\/explorial.com\/de-ch\/wp-json\/wp\/v2\/types\/product"}],"replies":[{"embeddable":true,"href":"https:\/\/explorial.com\/de-ch\/wp-json\/wp\/v2\/comments?post=51324"}],"wp:featuredmedia":[{"embeddable":true,"href":"https:\/\/explorial.com\/de-ch\/wp-json\/wp\/v2\/media\/51331"}],"wp:attachment":[{"href":"https:\/\/explorial.com\/de-ch\/wp-json\/wp\/v2\/media?parent=51324"}],"wp:term":[{"taxonomy":"product_brand","embeddable":true,"href":"https:\/\/explorial.com\/de-ch\/wp-json\/wp\/v2\/product_brand?post=51324"},{"taxonomy":"product_cat","embeddable":true,"href":"https:\/\/explorial.com\/de-ch\/wp-json\/wp\/v2\/product_cat?post=51324"},{"taxonomy":"product_tag","embeddable":true,"href":"https:\/\/explorial.com\/de-ch\/wp-json\/wp\/v2\/product_tag?post=51324"}],"curies":[{"name":"wp","href":"https:\/\/api.w.org\/{rel}","templated":true}]}}