{"id":50279,"date":"2022-04-18T13:42:30","date_gmt":"2022-04-18T13:42:30","guid":{"rendered":"https:\/\/explorial.com\/trails\/stadttour-saragossa-1\/"},"modified":"2024-09-17T07:25:12","modified_gmt":"2024-09-17T07:25:12","slug":"stadttour-saragossa-1","status":"publish","type":"product","link":"https:\/\/explorial.com\/de-ch\/trails\/stadttour-saragossa-1\/","title":{"rendered":"Saragossa"},"content":{"rendered":"","protected":false},"excerpt":{"rendered":"","protected":false},"featured_media":50246,"comment_status":"open","ping_status":"closed","template":"","meta":{"_acf_changed":false},"product_brand":[],"product_cat":[990,980],"product_tag":[541],"class_list":{"0":"post-50279","1":"product","2":"type-product","3":"status-publish","4":"has-post-thumbnail","6":"product_cat-aragon-ch","7":"product_cat-spain-ch","8":"product_tag-zaragoza-de","10":"first","11":"instock","12":"sale","13":"taxable","14":"shipping-taxable","15":"purchasable","16":"product-type-variable"},"acf":{"city_name":"Saragossa","city_name_display":"Saragossa","languages":"Englisch, Spanisch, Franz\u00f6sisch, Deutsch","duration":"etwa 1.5 - 2 Stunden","description_1":"","description_2":"","city_description":"Saragossa blickt auf eine \u00fcber 2.000-j\u00e4hrige Geschichte zur\u00fcck. Die Stadt beherbergt gro\u00dfartige Denkm\u00e4ler, arch\u00e4ologische St\u00e4tten, Pal\u00e4ste und Mud\u00e9jar-Architektur und wurde von R\u00f6mern, Mauren und christlichen K\u00f6nigen regiert. In Saragossa gibt es noch viel mehr zu entdecken als die Basilika Unserer Lieben Frau von der S\u00e4ule.","short_description":"","notes":"","header_image":155237,"highlight_locations":"Bas\u00edlica del Pilar, Plaza del Justicia, Catedral del Salvador de Zaragoza","additional_wheelchair":"Dieser Trail ist aufgrund von Steigungen und Treppen f\u00fcr Rollst\u00fchle und Kinderwagen nur bedingt geeignet. Alle Orte sind jedoch erreichbar.","voucher_link":"","start_location_coordinates":"41.65411, -0.88116","start_location_name":"Schafhirte mit Adler","start_location_address":"Plaza de Sas Santiago, 50003, Spanien","end_location_name":"Kathedrale des Erl\u00f6sers","partner_object":null},"_links":{"self":[{"href":"https:\/\/explorial.com\/de-ch\/wp-json\/wp\/v2\/product\/50279","targetHints":{"allow":["GET"]}}],"collection":[{"href":"https:\/\/explorial.com\/de-ch\/wp-json\/wp\/v2\/product"}],"about":[{"href":"https:\/\/explorial.com\/de-ch\/wp-json\/wp\/v2\/types\/product"}],"replies":[{"embeddable":true,"href":"https:\/\/explorial.com\/de-ch\/wp-json\/wp\/v2\/comments?post=50279"}],"wp:featuredmedia":[{"embeddable":true,"href":"https:\/\/explorial.com\/de-ch\/wp-json\/wp\/v2\/media\/50246"}],"wp:attachment":[{"href":"https:\/\/explorial.com\/de-ch\/wp-json\/wp\/v2\/media?parent=50279"}],"wp:term":[{"taxonomy":"product_brand","embeddable":true,"href":"https:\/\/explorial.com\/de-ch\/wp-json\/wp\/v2\/product_brand?post=50279"},{"taxonomy":"product_cat","embeddable":true,"href":"https:\/\/explorial.com\/de-ch\/wp-json\/wp\/v2\/product_cat?post=50279"},{"taxonomy":"product_tag","embeddable":true,"href":"https:\/\/explorial.com\/de-ch\/wp-json\/wp\/v2\/product_tag?post=50279"}],"curies":[{"name":"wp","href":"https:\/\/api.w.org\/{rel}","templated":true}]}}