{"id":48831,"date":"2022-11-08T15:20:31","date_gmt":"2022-11-08T15:20:31","guid":{"rendered":"https:\/\/explorial.com\/trails\/stadttour-rothenburg-1\/"},"modified":"2024-09-16T11:05:58","modified_gmt":"2024-09-16T11:05:58","slug":"stadttour-rothenburg-1","status":"publish","type":"product","link":"https:\/\/explorial.com\/de-ch\/trails\/stadttour-rothenburg-1\/","title":{"rendered":"Rothenburg"},"content":{"rendered":"","protected":false},"excerpt":{"rendered":"","protected":false},"featured_media":48838,"comment_status":"open","ping_status":"closed","template":"","meta":{"_acf_changed":false},"product_brand":[],"product_cat":[974,966],"product_tag":[977],"class_list":{"0":"post-48831","1":"product","2":"type-product","3":"status-publish","4":"has-post-thumbnail","6":"product_cat-bavaria-ch","7":"product_cat-germany-ch","8":"product_tag-rothenburg-ch","10":"first","11":"instock","12":"sale","13":"taxable","14":"shipping-taxable","15":"purchasable","16":"product-type-variable"},"acf":{"city_name":"Rothenburg","city_name_display":"Rothenburg","languages":"Deutsch, Englisch","duration":"etwa 1.5 - 2 Stunden","description_1":"","description_2":"","city_description":"Ein einzigartiges und idyllisches Fleckchen Erde inmitten des \u201eLieblichen Taubertals\u201d ist die Mittelalterstadt Rothenburg ob der Tauber. Magnet f\u00fcr zahlreiche nationale wie internationale G\u00e4ste, die neben dem romantischen Flair des Sp\u00e4tmittelalters und der Renaissance vor allem auch die M\u00e4rchenhaftigkeit sp\u00fcren wollen. Kein Wunder, war Rothenburg doch bereits mehrmals schon Inspirationsquelle f\u00fcr Walt Disney-Klassiker und Medienschaffende aus aller Welt.","short_description":"","notes":"","header_image":241560,"highlight_locations":"Pl\u00f6nlein, Klingentorbastei, Stadtkirche St. Jakob","additional_wheelchair":"Dieser Trail ist aufgrund von Steigungen und Treppen f\u00fcr Rollst\u00fchle und Kinderwagen nur bedingt geeignet. Alle Orte sind jedoch erreichbar.","voucher_link":"","start_location_coordinates":"49.370748, 10.181815","start_location_name":"P1 Parkplatz","start_location_address":"Friedrich-H\u00f6rner-Weg, 91541 Rothenburg ob der Tauber","end_location_name":"Mittelalterliches Kriminalmuseum","partner_object":null},"_links":{"self":[{"href":"https:\/\/explorial.com\/de-ch\/wp-json\/wp\/v2\/product\/48831","targetHints":{"allow":["GET"]}}],"collection":[{"href":"https:\/\/explorial.com\/de-ch\/wp-json\/wp\/v2\/product"}],"about":[{"href":"https:\/\/explorial.com\/de-ch\/wp-json\/wp\/v2\/types\/product"}],"replies":[{"embeddable":true,"href":"https:\/\/explorial.com\/de-ch\/wp-json\/wp\/v2\/comments?post=48831"}],"wp:featuredmedia":[{"embeddable":true,"href":"https:\/\/explorial.com\/de-ch\/wp-json\/wp\/v2\/media\/48838"}],"wp:attachment":[{"href":"https:\/\/explorial.com\/de-ch\/wp-json\/wp\/v2\/media?parent=48831"}],"wp:term":[{"taxonomy":"product_brand","embeddable":true,"href":"https:\/\/explorial.com\/de-ch\/wp-json\/wp\/v2\/product_brand?post=48831"},{"taxonomy":"product_cat","embeddable":true,"href":"https:\/\/explorial.com\/de-ch\/wp-json\/wp\/v2\/product_cat?post=48831"},{"taxonomy":"product_tag","embeddable":true,"href":"https:\/\/explorial.com\/de-ch\/wp-json\/wp\/v2\/product_tag?post=48831"}],"curies":[{"name":"wp","href":"https:\/\/api.w.org\/{rel}","templated":true}]}}