{"id":47414,"date":"2022-06-03T08:41:46","date_gmt":"2022-06-03T08:41:46","guid":{"rendered":"https:\/\/explorial.com\/trails\/stadttour-genf-1\/"},"modified":"2025-04-17T11:23:47","modified_gmt":"2025-04-17T11:23:47","slug":"stadttour-genf-1","status":"publish","type":"product","link":"https:\/\/explorial.com\/de-ch\/trails\/stadttour-genf-1\/","title":{"rendered":"Genf (Altstadt)"},"content":{"rendered":"","protected":false},"excerpt":{"rendered":"","protected":false},"featured_media":301893,"comment_status":"open","ping_status":"closed","template":"","meta":{"_acf_changed":false},"product_brand":[],"product_cat":[874,819],"product_tag":[953],"class_list":{"0":"post-47414","1":"product","2":"type-product","3":"status-publish","4":"has-post-thumbnail","6":"product_cat-lake-geneva-region-ch","7":"product_cat-switzerland-ch","8":"product_tag-geneva-de","10":"first","11":"instock","12":"sale","13":"taxable","14":"shipping-taxable","15":"purchasable","16":"product-type-variable"},"acf":{"city_name":"Genf","city_name_display":"Genf (Altstadt)","languages":"Franz\u00f6sisch, Englisch, Deutsch","duration":"etwa 1.5 - 2 Stunden","description_1":"","description_2":"","city_description":"Man h\u00f6rt oft, dass die Schweiz das Land der Uhren, der Schokolade und des weltber\u00fchmten Schweizer Messers sei. Genf vereint all diese Klischees, und ein Spaziergang durch die Strassen gen\u00fcgt, um dies zu best\u00e4tigen. Es ist eine Stadt mit einer pr\u00e4chtigen Kulisse, in der man sich gerne in den engen Gassen der Altstadt verlieren kann. Die Geschichte Genfs ist reich an Wendungen und hat der Stadt im Laufe der Jahrhunderte eine internationale Ausstrahlung verliehen.","short_description":"","notes":"","header_image":301887,"highlight_locations":"Ile Rousseau, Cath\u00e9dral Saint-Pierre, Le mur des R\u00e9formateurs","additional_wheelchair":"Dieser Trail ist aufgrund von Steigungen und Treppen f\u00fcr Rollst\u00fchle und Kinderwagen nur bedingt geeignet. Alle Orte sind jedoch erreichbar.","voucher_link":"","start_location_coordinates":"46.20897, 6.15054","start_location_name":"Rotonde du Mont-Blanc","start_location_address":"Quai du Mont-Blanc 10, 1201 Gen\u00e8ve","end_location_name":"Die Mauer der Reformatoren","partner_object":null},"_links":{"self":[{"href":"https:\/\/explorial.com\/de-ch\/wp-json\/wp\/v2\/product\/47414","targetHints":{"allow":["GET"]}}],"collection":[{"href":"https:\/\/explorial.com\/de-ch\/wp-json\/wp\/v2\/product"}],"about":[{"href":"https:\/\/explorial.com\/de-ch\/wp-json\/wp\/v2\/types\/product"}],"replies":[{"embeddable":true,"href":"https:\/\/explorial.com\/de-ch\/wp-json\/wp\/v2\/comments?post=47414"}],"wp:featuredmedia":[{"embeddable":true,"href":"https:\/\/explorial.com\/de-ch\/wp-json\/wp\/v2\/media\/301893"}],"wp:attachment":[{"href":"https:\/\/explorial.com\/de-ch\/wp-json\/wp\/v2\/media?parent=47414"}],"wp:term":[{"taxonomy":"product_brand","embeddable":true,"href":"https:\/\/explorial.com\/de-ch\/wp-json\/wp\/v2\/product_brand?post=47414"},{"taxonomy":"product_cat","embeddable":true,"href":"https:\/\/explorial.com\/de-ch\/wp-json\/wp\/v2\/product_cat?post=47414"},{"taxonomy":"product_tag","embeddable":true,"href":"https:\/\/explorial.com\/de-ch\/wp-json\/wp\/v2\/product_tag?post=47414"}],"curies":[{"name":"wp","href":"https:\/\/api.w.org\/{rel}","templated":true}]}}