{"id":47109,"date":"2021-03-31T08:27:11","date_gmt":"2021-03-31T08:27:11","guid":{"rendered":"https:\/\/explorial.com\/trails\/stadttour-zurich-1\/"},"modified":"2024-09-16T09:35:43","modified_gmt":"2024-09-16T09:35:43","slug":"stadttour-zurich-1","status":"publish","type":"product","link":"https:\/\/explorial.com\/de-ch\/trails\/stadttour-zurich-1\/","title":{"rendered":"Z\u00fcrich (Altstadt 1)"},"content":{"rendered":"","protected":false},"excerpt":{"rendered":"","protected":false},"featured_media":47025,"comment_status":"open","ping_status":"closed","template":"","meta":{"_acf_changed":false},"product_brand":[],"product_cat":[819,844],"product_tag":[948],"class_list":{"0":"post-47109","1":"product","2":"type-product","3":"status-publish","4":"has-post-thumbnail","6":"product_cat-switzerland-ch","7":"product_cat-zurich-region-ch","8":"product_tag-zurich-de","10":"first","11":"instock","12":"sale","13":"taxable","14":"shipping-taxable","15":"purchasable","16":"product-type-variable"},"acf":{"city_name":"Z\u00fcrich","city_name_display":"Z\u00fcrich (Altstadt 1)","languages":"Englisch, Deutsch, Spanisch, Italienisch, Franz\u00f6sisch","duration":"etwa 1.5 - 2 Stunden","description_1":"","description_2":"","city_description":"Hier treffen Grossstadtfeeling und Beschaulichkeit aufeinander! Die gr\u00f6sste Stadt der Schweiz hat noch immer viele romantische Ecken, historische Kirchen und Pl\u00e4tze und das alles vor der wunderbaren Seekulisse.","short_description":"","notes":"","header_image":46990,"highlight_locations":"Grossm\u00fcnster, Sechsel\u00e4utenplatz, Paradeplatz","additional_wheelchair":"Dieser Trail ist aufgrund von Steigungen und Treppen f\u00fcr Rollst\u00fchle und Kinderwagen nur bedingt geeignet. Alle Orte sind jedoch erreichbar.","voucher_link":"","start_location_coordinates":"47.3715503, 8.5423957","start_location_name":"Rathaus","start_location_address":"8001 Z\u00fcrich","end_location_name":"B\u00fcrkliplatz","partner_object":73262},"_links":{"self":[{"href":"https:\/\/explorial.com\/de-ch\/wp-json\/wp\/v2\/product\/47109","targetHints":{"allow":["GET"]}}],"collection":[{"href":"https:\/\/explorial.com\/de-ch\/wp-json\/wp\/v2\/product"}],"about":[{"href":"https:\/\/explorial.com\/de-ch\/wp-json\/wp\/v2\/types\/product"}],"replies":[{"embeddable":true,"href":"https:\/\/explorial.com\/de-ch\/wp-json\/wp\/v2\/comments?post=47109"}],"acf:post":[{"embeddable":true,"href":"https:\/\/explorial.com\/de-ch\/wp-json\/wp\/v2\/partner\/73262"}],"wp:featuredmedia":[{"embeddable":true,"href":"https:\/\/explorial.com\/de-ch\/wp-json\/wp\/v2\/media\/47025"}],"wp:attachment":[{"href":"https:\/\/explorial.com\/de-ch\/wp-json\/wp\/v2\/media?parent=47109"}],"wp:term":[{"taxonomy":"product_brand","embeddable":true,"href":"https:\/\/explorial.com\/de-ch\/wp-json\/wp\/v2\/product_brand?post=47109"},{"taxonomy":"product_cat","embeddable":true,"href":"https:\/\/explorial.com\/de-ch\/wp-json\/wp\/v2\/product_cat?post=47109"},{"taxonomy":"product_tag","embeddable":true,"href":"https:\/\/explorial.com\/de-ch\/wp-json\/wp\/v2\/product_tag?post=47109"}],"curies":[{"name":"wp","href":"https:\/\/api.w.org\/{rel}","templated":true}]}}