{"id":45357,"date":"2022-02-03T08:14:37","date_gmt":"2022-02-03T08:14:37","guid":{"rendered":"https:\/\/explorial.com\/trails\/stadttour-sion-1\/"},"modified":"2024-09-16T10:01:27","modified_gmt":"2024-09-16T10:01:27","slug":"stadttour-sion-1","status":"publish","type":"product","link":"https:\/\/explorial.com\/de-ch\/trails\/stadttour-sion-1\/","title":{"rendered":"Sion"},"content":{"rendered":"","protected":false},"excerpt":{"rendered":"","protected":false},"featured_media":45273,"comment_status":"open","ping_status":"closed","template":"","meta":{"_acf_changed":false},"product_brand":[],"product_cat":[874,819],"product_tag":[913],"class_list":{"0":"post-45357","1":"product","2":"type-product","3":"status-publish","4":"has-post-thumbnail","6":"product_cat-lake-geneva-region-ch","7":"product_cat-switzerland-ch","8":"product_tag-sion-de","10":"first","11":"instock","12":"sale","13":"taxable","14":"shipping-taxable","15":"purchasable","16":"product-type-variable"},"acf":{"city_name":"Sion","city_name_display":"Sion","languages":"Deutsch, Franz\u00f6sisch","duration":"etwa 1.5 - 2 Stunden","description_1":"","description_2":"","city_description":"Sion, mit seinen 30'000 Einwohnern, ist schon von weitem an den T\u00fcrmen der Schl\u00f6sser und Valeria zu erkennen. Der Hauptort des Kantons Wallis gilt als eine der sonnenverw\u00f6hntesten St\u00e4dte der Schweiz.","short_description":"","notes":"","header_image":45238,"highlight_locations":"La cath\u00e9drale Notre-Dame du Glarier, La Grenette, La place du Midi","additional_wheelchair":"Dieser Trail ist aufgrund von Steigungen und Treppen f\u00fcr Rollst\u00fchle und Kinderwagen nur bedingt geeignet. Alle Orte sind jedoch erreichbar.","voucher_link":"","start_location_coordinates":"46.23273, 7.35843","start_location_name":"Place de la Planta","start_location_address":"Pl. de la Planta 1-3, 1950 Sion","end_location_name":"Place du Midi","partner_object":null},"_links":{"self":[{"href":"https:\/\/explorial.com\/de-ch\/wp-json\/wp\/v2\/product\/45357","targetHints":{"allow":["GET"]}}],"collection":[{"href":"https:\/\/explorial.com\/de-ch\/wp-json\/wp\/v2\/product"}],"about":[{"href":"https:\/\/explorial.com\/de-ch\/wp-json\/wp\/v2\/types\/product"}],"replies":[{"embeddable":true,"href":"https:\/\/explorial.com\/de-ch\/wp-json\/wp\/v2\/comments?post=45357"}],"wp:featuredmedia":[{"embeddable":true,"href":"https:\/\/explorial.com\/de-ch\/wp-json\/wp\/v2\/media\/45273"}],"wp:attachment":[{"href":"https:\/\/explorial.com\/de-ch\/wp-json\/wp\/v2\/media?parent=45357"}],"wp:term":[{"taxonomy":"product_brand","embeddable":true,"href":"https:\/\/explorial.com\/de-ch\/wp-json\/wp\/v2\/product_brand?post=45357"},{"taxonomy":"product_cat","embeddable":true,"href":"https:\/\/explorial.com\/de-ch\/wp-json\/wp\/v2\/product_cat?post=45357"},{"taxonomy":"product_tag","embeddable":true,"href":"https:\/\/explorial.com\/de-ch\/wp-json\/wp\/v2\/product_tag?post=45357"}],"curies":[{"name":"wp","href":"https:\/\/api.w.org\/{rel}","templated":true}]}}