{"id":45102,"date":"2020-07-18T08:12:55","date_gmt":"2020-07-18T08:12:55","guid":{"rendered":"https:\/\/explorial.com\/trails\/stadttour-schaffhausen-1\/"},"modified":"2024-09-16T09:09:48","modified_gmt":"2024-09-16T09:09:48","slug":"stadttour-schaffhausen-1","status":"publish","type":"product","link":"https:\/\/explorial.com\/de-ch\/trails\/stadttour-schaffhausen-1\/","title":{"rendered":"Schaffhausen"},"content":{"rendered":"","protected":false},"excerpt":{"rendered":"","protected":false},"featured_media":45018,"comment_status":"open","ping_status":"closed","template":"","meta":{"_acf_changed":false},"product_brand":[],"product_cat":[819,824],"product_tag":[909],"class_list":{"0":"post-45102","1":"product","2":"type-product","3":"status-publish","4":"has-post-thumbnail","6":"product_cat-switzerland-ch","7":"product_cat-eastern-switzerland-ch","8":"product_tag-schaffhausen-ch","10":"first","11":"instock","12":"sale","13":"taxable","14":"shipping-taxable","15":"purchasable","16":"product-type-variable"},"acf":{"city_name":"Schaffhausen","city_name_display":"Schaffhausen","languages":"Deutsch, Englisch","duration":"etwa 1.5 - 2 Stunden","description_1":"","description_2":"","city_description":"Schaffhausen ist definitiv einen Besuch wert. Die verwinkelten G\u00e4sschen, die mittelalterlichen Fassaden und die prunkvollen 171 Erker machen die Munot-Stadt zu einem tollen Ausflugsziel.","short_description":"","notes":"","header_image":158999,"highlight_locations":"Haus zum Ritter, Schillerglocke \/ Kr\u00e4utergarten, Schiffl\u00e4nde","additional_wheelchair":"Dieser Trail ist aufgrund von Steigungen und Treppen f\u00fcr Rollst\u00fchle und Kinderwagen nur bedingt geeignet. Alle Orte sind jedoch erreichbar.","voucher_link":"","start_location_coordinates":"47.696478, 8.633464","start_location_name":"Fronwagplatz","start_location_address":"8200 Schaffhausen","end_location_name":"Schiffl\u00e4nde","partner_object":73013},"_links":{"self":[{"href":"https:\/\/explorial.com\/de-ch\/wp-json\/wp\/v2\/product\/45102","targetHints":{"allow":["GET"]}}],"collection":[{"href":"https:\/\/explorial.com\/de-ch\/wp-json\/wp\/v2\/product"}],"about":[{"href":"https:\/\/explorial.com\/de-ch\/wp-json\/wp\/v2\/types\/product"}],"replies":[{"embeddable":true,"href":"https:\/\/explorial.com\/de-ch\/wp-json\/wp\/v2\/comments?post=45102"}],"acf:post":[{"embeddable":true,"href":"https:\/\/explorial.com\/de-ch\/wp-json\/wp\/v2\/partner\/73013"}],"wp:featuredmedia":[{"embeddable":true,"href":"https:\/\/explorial.com\/de-ch\/wp-json\/wp\/v2\/media\/45018"}],"wp:attachment":[{"href":"https:\/\/explorial.com\/de-ch\/wp-json\/wp\/v2\/media?parent=45102"}],"wp:term":[{"taxonomy":"product_brand","embeddable":true,"href":"https:\/\/explorial.com\/de-ch\/wp-json\/wp\/v2\/product_brand?post=45102"},{"taxonomy":"product_cat","embeddable":true,"href":"https:\/\/explorial.com\/de-ch\/wp-json\/wp\/v2\/product_cat?post=45102"},{"taxonomy":"product_tag","embeddable":true,"href":"https:\/\/explorial.com\/de-ch\/wp-json\/wp\/v2\/product_tag?post=45102"}],"curies":[{"name":"wp","href":"https:\/\/api.w.org\/{rel}","templated":true}]}}