{"id":44620,"date":"2021-03-31T08:09:33","date_gmt":"2021-03-31T08:09:33","guid":{"rendered":"https:\/\/explorial.com\/trails\/stadttour-olten-1\/"},"modified":"2024-09-16T09:52:49","modified_gmt":"2024-09-16T09:52:49","slug":"stadttour-olten-1","status":"publish","type":"product","link":"https:\/\/explorial.com\/de-ch\/trails\/stadttour-olten-1\/","title":{"rendered":"Olten"},"content":{"rendered":"","protected":false},"excerpt":{"rendered":"","protected":false},"featured_media":44536,"comment_status":"open","ping_status":"closed","template":"","meta":{"_acf_changed":false},"product_brand":[],"product_cat":[859,819],"product_tag":[898],"class_list":{"0":"post-44620","1":"product","2":"type-product","3":"status-publish","4":"has-post-thumbnail","6":"product_cat-swiss-plateau-ch","7":"product_cat-switzerland-ch","8":"product_tag-olten-de","10":"first","11":"instock","12":"sale","13":"taxable","14":"shipping-taxable","15":"purchasable","16":"product-type-variable"},"acf":{"city_name":"Olten","city_name_display":"Olten","languages":"Deutsch","duration":"etwa 1.5 - 2 Stunden","description_1":"","description_2":"","city_description":"Olten mag nicht auf der Top10-Liste der Touristen sein, es ist aber definitiv einen Besuch wert. Die Stadt der B\u00e4hnler und Schriftsteller bietet auch eine gut erhaltene Altstadt mit einem ganz besonderen Flair.","short_description":"","notes":"","header_image":44501,"highlight_locations":"Alte Holzbr\u00fccke, Chorherrenh\u00e4user, Rathskeller","additional_wheelchair":"Dieser Trail ist aufgrund von Steigungen und Treppen f\u00fcr Rollst\u00fchle und Kinderwagen nur bedingt geeignet. Alle Orte sind jedoch erreichbar.","voucher_link":"","start_location_coordinates":"47.3520058, 7.9044383","start_location_name":"Olten Tourismus","start_location_address":"Frohburgstrasse 1\n4601 Olten","end_location_name":"Alte Holzbr\u00fccke","partner_object":72943},"_links":{"self":[{"href":"https:\/\/explorial.com\/de-ch\/wp-json\/wp\/v2\/product\/44620","targetHints":{"allow":["GET"]}}],"collection":[{"href":"https:\/\/explorial.com\/de-ch\/wp-json\/wp\/v2\/product"}],"about":[{"href":"https:\/\/explorial.com\/de-ch\/wp-json\/wp\/v2\/types\/product"}],"replies":[{"embeddable":true,"href":"https:\/\/explorial.com\/de-ch\/wp-json\/wp\/v2\/comments?post=44620"}],"acf:post":[{"embeddable":true,"href":"https:\/\/explorial.com\/de-ch\/wp-json\/wp\/v2\/partner\/72943"}],"wp:featuredmedia":[{"embeddable":true,"href":"https:\/\/explorial.com\/de-ch\/wp-json\/wp\/v2\/media\/44536"}],"wp:attachment":[{"href":"https:\/\/explorial.com\/de-ch\/wp-json\/wp\/v2\/media?parent=44620"}],"wp:term":[{"taxonomy":"product_brand","embeddable":true,"href":"https:\/\/explorial.com\/de-ch\/wp-json\/wp\/v2\/product_brand?post=44620"},{"taxonomy":"product_cat","embeddable":true,"href":"https:\/\/explorial.com\/de-ch\/wp-json\/wp\/v2\/product_cat?post=44620"},{"taxonomy":"product_tag","embeddable":true,"href":"https:\/\/explorial.com\/de-ch\/wp-json\/wp\/v2\/product_tag?post=44620"}],"curies":[{"name":"wp","href":"https:\/\/api.w.org\/{rel}","templated":true}]}}