{"id":44399,"date":"2021-03-31T08:07:59","date_gmt":"2021-03-31T08:07:59","guid":{"rendered":"https:\/\/explorial.com\/trails\/stadttour-neuhausen-1\/"},"modified":"2024-09-16T09:32:47","modified_gmt":"2024-09-16T09:32:47","slug":"stadttour-neuhausen-1","status":"publish","type":"product","link":"https:\/\/explorial.com\/de-ch\/trails\/stadttour-neuhausen-1\/","title":{"rendered":"Neuhausen"},"content":{"rendered":"","protected":false},"excerpt":{"rendered":"","protected":false},"featured_media":44315,"comment_status":"open","ping_status":"closed","template":"","meta":{"_acf_changed":false},"product_brand":[],"product_cat":[824,819],"product_tag":[893],"class_list":{"0":"post-44399","1":"product","2":"type-product","3":"status-publish","4":"has-post-thumbnail","6":"product_cat-eastern-switzerland-ch","7":"product_cat-switzerland-ch","8":"product_tag-neuhausen-de","10":"first","11":"instock","12":"sale","13":"taxable","14":"shipping-taxable","15":"purchasable","16":"product-type-variable"},"acf":{"city_name":"Neuhausen","city_name_display":"Neuhausen","languages":"Deutsch","duration":"etwa 1.5 - 2 Stunden","description_1":"","description_2":"","city_description":"Der Rheinfall ist das Wahrzeichen Neuhausens \u2013 doch die Gemeinde bietet noch viel mehr.","short_description":"","notes":"","header_image":44280,"highlight_locations":"Ch\u00fcbeli-Moser-Huus, SIG Areal, Hasler-H\u00e4user","additional_wheelchair":"Dieser Trail ist aufgrund von Steigungen und Treppen f\u00fcr Rollst\u00fchle und Kinderwagen nur bedingt geeignet. Alle Orte sind jedoch erreichbar.","voucher_link":"","start_location_coordinates":"47.6814693, 8.6198299","start_location_name":"Platz f\u00fcr alli","start_location_address":"Zentralstrasse 38\n8212 Neuhausen","end_location_name":"Platz f\u00fcr alli","partner_object":72903},"_links":{"self":[{"href":"https:\/\/explorial.com\/de-ch\/wp-json\/wp\/v2\/product\/44399","targetHints":{"allow":["GET"]}}],"collection":[{"href":"https:\/\/explorial.com\/de-ch\/wp-json\/wp\/v2\/product"}],"about":[{"href":"https:\/\/explorial.com\/de-ch\/wp-json\/wp\/v2\/types\/product"}],"replies":[{"embeddable":true,"href":"https:\/\/explorial.com\/de-ch\/wp-json\/wp\/v2\/comments?post=44399"}],"acf:post":[{"embeddable":true,"href":"https:\/\/explorial.com\/de-ch\/wp-json\/wp\/v2\/partner\/72903"}],"wp:featuredmedia":[{"embeddable":true,"href":"https:\/\/explorial.com\/de-ch\/wp-json\/wp\/v2\/media\/44315"}],"wp:attachment":[{"href":"https:\/\/explorial.com\/de-ch\/wp-json\/wp\/v2\/media?parent=44399"}],"wp:term":[{"taxonomy":"product_brand","embeddable":true,"href":"https:\/\/explorial.com\/de-ch\/wp-json\/wp\/v2\/product_brand?post=44399"},{"taxonomy":"product_cat","embeddable":true,"href":"https:\/\/explorial.com\/de-ch\/wp-json\/wp\/v2\/product_cat?post=44399"},{"taxonomy":"product_tag","embeddable":true,"href":"https:\/\/explorial.com\/de-ch\/wp-json\/wp\/v2\/product_tag?post=44399"}],"curies":[{"name":"wp","href":"https:\/\/api.w.org\/{rel}","templated":true}]}}