{"id":43018,"date":"2022-04-08T07:58:04","date_gmt":"2022-04-08T07:58:04","guid":{"rendered":"https:\/\/explorial.com\/product\/stadttour-chur-1\/"},"modified":"2024-09-16T09:47:08","modified_gmt":"2024-09-16T09:47:08","slug":"stadttour-chur-1","status":"publish","type":"product","link":"https:\/\/explorial.com\/de-ch\/trails\/stadttour-chur-1\/","title":{"rendered":"Chur"},"content":{"rendered":"","protected":false},"excerpt":{"rendered":"","protected":false},"featured_media":42934,"comment_status":"open","ping_status":"closed","template":"","meta":{"_acf_changed":false},"product_brand":[],"product_cat":[824,819],"product_tag":[864],"class_list":{"0":"post-43018","1":"product","2":"type-product","3":"status-publish","4":"has-post-thumbnail","6":"product_cat-eastern-switzerland-ch","7":"product_cat-switzerland-ch","8":"product_tag-chur-ch","10":"first","11":"instock","12":"sale","13":"taxable","14":"shipping-taxable","15":"purchasable","16":"product-type-variable"},"acf":{"city_name":"Chur","city_name_display":"Chur","languages":"Deutsch","duration":"etwa 1.5 - 2 Stunden","description_1":"","description_2":"","city_description":"Chur, die Kantonshauptstadt des Kantons Graub\u00fcnden, ist die \u00e4lteste Stadt der Schweiz. Sie besticht durch eine wundersch\u00f6ne, malerische Altstadt und ist gleichzeitig der ideale Ausgangspunkt f\u00fcr Ausfl\u00fcge in den ganzen Kanton.","short_description":"","notes":"","header_image":86723,"highlight_locations":"Obertor, Arcas, Fontanapark","additional_wheelchair":"Dieser Trail ist aufgrund von Steigungen und Treppen f\u00fcr Rollst\u00fchle und Kinderwagen nur bedingt geeignet. Alle Orte sind jedoch erreichbar.","voucher_link":"","start_location_coordinates":"46.85072, 9.53199","start_location_name":"Postplatz","start_location_address":"CH-7001 Chur","end_location_name":"Fontanapark","partner_object":null},"_links":{"self":[{"href":"https:\/\/explorial.com\/de-ch\/wp-json\/wp\/v2\/product\/43018","targetHints":{"allow":["GET"]}}],"collection":[{"href":"https:\/\/explorial.com\/de-ch\/wp-json\/wp\/v2\/product"}],"about":[{"href":"https:\/\/explorial.com\/de-ch\/wp-json\/wp\/v2\/types\/product"}],"replies":[{"embeddable":true,"href":"https:\/\/explorial.com\/de-ch\/wp-json\/wp\/v2\/comments?post=43018"}],"wp:featuredmedia":[{"embeddable":true,"href":"https:\/\/explorial.com\/de-ch\/wp-json\/wp\/v2\/media\/42934"}],"wp:attachment":[{"href":"https:\/\/explorial.com\/de-ch\/wp-json\/wp\/v2\/media?parent=43018"}],"wp:term":[{"taxonomy":"product_brand","embeddable":true,"href":"https:\/\/explorial.com\/de-ch\/wp-json\/wp\/v2\/product_brand?post=43018"},{"taxonomy":"product_cat","embeddable":true,"href":"https:\/\/explorial.com\/de-ch\/wp-json\/wp\/v2\/product_cat?post=43018"},{"taxonomy":"product_tag","embeddable":true,"href":"https:\/\/explorial.com\/de-ch\/wp-json\/wp\/v2\/product_tag?post=43018"}],"curies":[{"name":"wp","href":"https:\/\/api.w.org\/{rel}","templated":true}]}}