{"id":42803,"date":"2021-08-24T07:56:24","date_gmt":"2021-08-24T07:56:24","guid":{"rendered":"https:\/\/explorial.com\/product\/stadttour-bern-1\/"},"modified":"2024-09-16T09:38:32","modified_gmt":"2024-09-16T09:38:32","slug":"stadttour-bern-1","status":"publish","type":"product","link":"https:\/\/explorial.com\/de-ch\/trails\/stadttour-bern-1\/","title":{"rendered":"Bern"},"content":{"rendered":"","protected":false},"excerpt":{"rendered":"","protected":false},"featured_media":42719,"comment_status":"open","ping_status":"closed","template":"","meta":{"_acf_changed":false},"product_brand":[],"product_cat":[859,819],"product_tag":[853],"class_list":{"0":"post-42803","1":"product","2":"type-product","3":"status-publish","4":"has-post-thumbnail","6":"product_cat-swiss-plateau-ch","7":"product_cat-switzerland-ch","8":"product_tag-bern-de","10":"first","11":"instock","12":"sale","13":"taxable","14":"shipping-taxable","15":"purchasable","16":"product-type-variable"},"acf":{"city_name":"Bern","city_name_display":"Bern","languages":"Englisch, Deutsch, Spanisch, Italienisch, Franz\u00f6sisch","duration":"etwa 1.5 - 2 Stunden","description_1":"","description_2":"","city_description":"Die Schweizer Bundesstadt zieht zu Recht jedes Jahr tausende von Besucher\/-innen an. Bundeshaus, Zytglogge, B\u00e4renpark \u2013 es gibt unz\u00e4hlige Sehensw\u00fcrdigkeiten oder aber man geniesst ganz einfach den typischen, gem\u00fctlichen Berner Lifestyle.","short_description":"","notes":"","header_image":86705,"highlight_locations":"Bundeshaus, Zytglogge, Rathaus","additional_wheelchair":"Dieser Trail ist aufgrund von Steigungen und Treppen f\u00fcr Rollst\u00fchle und Kinderwagen nur bedingt geeignet. Alle Orte sind jedoch erreichbar.","voucher_link":"","start_location_coordinates":"46.94818, 7.44376","start_location_name":"K\u00e4figturm","start_location_address":"3000 Bern","end_location_name":"B\u00e4renpark","partner_object":72646},"_links":{"self":[{"href":"https:\/\/explorial.com\/de-ch\/wp-json\/wp\/v2\/product\/42803","targetHints":{"allow":["GET"]}}],"collection":[{"href":"https:\/\/explorial.com\/de-ch\/wp-json\/wp\/v2\/product"}],"about":[{"href":"https:\/\/explorial.com\/de-ch\/wp-json\/wp\/v2\/types\/product"}],"replies":[{"embeddable":true,"href":"https:\/\/explorial.com\/de-ch\/wp-json\/wp\/v2\/comments?post=42803"}],"acf:post":[{"embeddable":true,"href":"https:\/\/explorial.com\/de-ch\/wp-json\/wp\/v2\/partner\/72646"}],"wp:featuredmedia":[{"embeddable":true,"href":"https:\/\/explorial.com\/de-ch\/wp-json\/wp\/v2\/media\/42719"}],"wp:attachment":[{"href":"https:\/\/explorial.com\/de-ch\/wp-json\/wp\/v2\/media?parent=42803"}],"wp:term":[{"taxonomy":"product_brand","embeddable":true,"href":"https:\/\/explorial.com\/de-ch\/wp-json\/wp\/v2\/product_brand?post=42803"},{"taxonomy":"product_cat","embeddable":true,"href":"https:\/\/explorial.com\/de-ch\/wp-json\/wp\/v2\/product_cat?post=42803"},{"taxonomy":"product_tag","embeddable":true,"href":"https:\/\/explorial.com\/de-ch\/wp-json\/wp\/v2\/product_tag?post=42803"}],"curies":[{"name":"wp","href":"https:\/\/api.w.org\/{rel}","templated":true}]}}