{"id":41970,"date":"2021-04-13T07:51:17","date_gmt":"2021-04-13T07:51:17","guid":{"rendered":"https:\/\/explorial.com\/product\/stadttour-aarau-1\/"},"modified":"2024-09-16T10:13:39","modified_gmt":"2024-09-16T10:13:39","slug":"stadttour-aarau-1","status":"publish","type":"product","link":"https:\/\/explorial.com\/de-ch\/trails\/stadttour-aarau-1\/","title":{"rendered":"Aarau"},"content":{"rendered":"","protected":false},"excerpt":{"rendered":"","protected":false},"featured_media":41886,"comment_status":"open","ping_status":"closed","template":"","meta":{"_acf_changed":false},"product_brand":[],"product_cat":[819,834],"product_tag":[828],"class_list":{"0":"post-41970","1":"product","2":"type-product","3":"status-publish","4":"has-post-thumbnail","6":"product_cat-switzerland-ch","7":"product_cat-central-and-northwestern-switzerland-ch","8":"product_tag-aarau-de","10":"first","11":"instock","12":"sale","13":"taxable","14":"shipping-taxable","15":"purchasable","16":"product-type-variable"},"acf":{"city_name":"Aarau","city_name_display":"Aarau","languages":"Deutsch, Englisch, Franz\u00f6sisch","duration":"etwa 1.5 - 2 Stunden","description_1":"","description_2":"","city_description":"Die Kantonshauptstadt des Kantons Aargau besticht mit ihren vielen sch\u00f6n bemalten Dachuntersichten, auch Dachhimmel genannt. Aber die Altstadt hat noch so viel mehr zu bieten.","short_description":"","notes":"","header_image":86260,"highlight_locations":"Obertorturm, Alte Kantonsschule, Alte M\u00fchle","additional_wheelchair":"Dieser Trail ist aufgrund von Steigungen und Treppen f\u00fcr Rollst\u00fchle und Kinderwagen nur bedingt geeignet. Alle Orte sind jedoch erreichbar.","voucher_link":"","start_location_coordinates":"47.3932, 8.04442","start_location_name":"Aarau Info (Tourismusb\u00fcro)","start_location_address":"Metzgergasse 2\n5000 Aarau","end_location_name":"Alte M\u00fchle","partner_object":41798},"_links":{"self":[{"href":"https:\/\/explorial.com\/de-ch\/wp-json\/wp\/v2\/product\/41970","targetHints":{"allow":["GET"]}}],"collection":[{"href":"https:\/\/explorial.com\/de-ch\/wp-json\/wp\/v2\/product"}],"about":[{"href":"https:\/\/explorial.com\/de-ch\/wp-json\/wp\/v2\/types\/product"}],"replies":[{"embeddable":true,"href":"https:\/\/explorial.com\/de-ch\/wp-json\/wp\/v2\/comments?post=41970"}],"acf:post":[{"embeddable":true,"href":"https:\/\/explorial.com\/de-ch\/wp-json\/wp\/v2\/partner\/41798"}],"wp:featuredmedia":[{"embeddable":true,"href":"https:\/\/explorial.com\/de-ch\/wp-json\/wp\/v2\/media\/41886"}],"wp:attachment":[{"href":"https:\/\/explorial.com\/de-ch\/wp-json\/wp\/v2\/media?parent=41970"}],"wp:term":[{"taxonomy":"product_brand","embeddable":true,"href":"https:\/\/explorial.com\/de-ch\/wp-json\/wp\/v2\/product_brand?post=41970"},{"taxonomy":"product_cat","embeddable":true,"href":"https:\/\/explorial.com\/de-ch\/wp-json\/wp\/v2\/product_cat?post=41970"},{"taxonomy":"product_tag","embeddable":true,"href":"https:\/\/explorial.com\/de-ch\/wp-json\/wp\/v2\/product_tag?post=41970"}],"curies":[{"name":"wp","href":"https:\/\/api.w.org\/{rel}","templated":true}]}}