{"id":300500,"date":"2025-02-28T12:10:44","date_gmt":"2025-02-28T12:10:44","guid":{"rendered":"https:\/\/explorial.com\/trails\/stadttour-berlin-1\/"},"modified":"2025-02-28T12:16:56","modified_gmt":"2025-02-28T12:16:56","slug":"stadttour-berlin-1","status":"publish","type":"product","link":"https:\/\/explorial.com\/de-ch\/trails\/stadttour-berlin-1\/","title":{"rendered":"Berlin"},"content":{"rendered":"","protected":false},"excerpt":{"rendered":"","protected":false},"featured_media":300647,"comment_status":"open","ping_status":"closed","template":"","meta":{"_acf_changed":false},"product_brand":[],"product_cat":[1227,966],"product_tag":[3891],"class_list":{"0":"post-300500","1":"product","2":"type-product","3":"status-publish","4":"has-post-thumbnail","6":"product_cat-brandenburg-ch","7":"product_cat-germany-ch","8":"product_tag-berlin-ch","10":"first","11":"instock","12":"sale","13":"taxable","14":"shipping-taxable","15":"purchasable","16":"product-type-variable"},"acf":{"city_name":"Berlin","city_name_display":"Berlin","languages":"Deutsch","duration":"etwa 1.5 - 2 Stunden","description_1":"","description_2":"","city_description":"Von der charmanten Hinterhof-Atmosph\u00e4re der Hackeschen H\u00f6fe \u00fcber die eindrucksvolle Museumsinsel (die nicht umsonst UNESCO-Welterbe ist) bis zur Prachtstra\u00dfe Unter den Linden \u2013 auf diesem Trail erwarten euch eine \u00fcberw\u00e4ltigende Vielzahl an historischen Geb\u00e4uden, spannenden Geschichten und Fun Facts \u00fcber Berlin. Berlin ist in jeder Hinsicht eine Kulturmetropole von Weltrang und immer eine Reise wert. Egal, wie oft die Stadt bereits besucht wurde, es gibt immer etwas Neues zu entdecken. Hier hat jede Ecke zahlreiche Geschichten zu erz\u00e4hlen \u2013 kleine wie weltbewegende: Willkommen in Berlin, der pulsierenden und aufregenden Stadt an der Spree.","short_description":"","notes":"","header_image":300641,"highlight_locations":"Humboldt-Forum \/ Stadtschloss, Alte Nationalgalerie, Hackesche H\u00f6fe","additional_wheelchair":"Dieser Trail ist aufgrund von Steigungen und Treppen f\u00fcr Rollst\u00fchle und Kinderwagen nur bedingt geeignet. Alle Orte sind jedoch erreichbar.","voucher_link":"","start_location_coordinates":"52.52428, 13.40257","start_location_name":"Haus Schwarzenberg","start_location_address":"Rosenthaler Str. 39, 10178 Berlin","end_location_name":"Bebelplatz","partner_object":null},"_links":{"self":[{"href":"https:\/\/explorial.com\/de-ch\/wp-json\/wp\/v2\/product\/300500","targetHints":{"allow":["GET"]}}],"collection":[{"href":"https:\/\/explorial.com\/de-ch\/wp-json\/wp\/v2\/product"}],"about":[{"href":"https:\/\/explorial.com\/de-ch\/wp-json\/wp\/v2\/types\/product"}],"replies":[{"embeddable":true,"href":"https:\/\/explorial.com\/de-ch\/wp-json\/wp\/v2\/comments?post=300500"}],"wp:featuredmedia":[{"embeddable":true,"href":"https:\/\/explorial.com\/de-ch\/wp-json\/wp\/v2\/media\/300647"}],"wp:attachment":[{"href":"https:\/\/explorial.com\/de-ch\/wp-json\/wp\/v2\/media?parent=300500"}],"wp:term":[{"taxonomy":"product_brand","embeddable":true,"href":"https:\/\/explorial.com\/de-ch\/wp-json\/wp\/v2\/product_brand?post=300500"},{"taxonomy":"product_cat","embeddable":true,"href":"https:\/\/explorial.com\/de-ch\/wp-json\/wp\/v2\/product_cat?post=300500"},{"taxonomy":"product_tag","embeddable":true,"href":"https:\/\/explorial.com\/de-ch\/wp-json\/wp\/v2\/product_tag?post=300500"}],"curies":[{"name":"wp","href":"https:\/\/api.w.org\/{rel}","templated":true}]}}