{"id":298869,"date":"2025-01-27T16:06:43","date_gmt":"2025-01-27T16:06:43","guid":{"rendered":"https:\/\/explorial.com\/trails\/stadttour-vitoria-gasteiz-1\/"},"modified":"2025-01-27T16:18:06","modified_gmt":"2025-01-27T16:18:06","slug":"stadttour-vitoria-gasteiz-1","status":"publish","type":"product","link":"https:\/\/explorial.com\/de-ch\/trails\/stadttour-vitoria-gasteiz-1\/","title":{"rendered":"Vitoria-Gasteiz"},"content":{"rendered":"","protected":false},"excerpt":{"rendered":"","protected":false},"featured_media":299019,"comment_status":"open","ping_status":"closed","template":"","meta":{"_acf_changed":false},"product_brand":[],"product_cat":[3498,980],"product_tag":[3876],"class_list":{"0":"post-298869","1":"product","2":"type-product","3":"status-publish","4":"has-post-thumbnail","6":"product_cat-basque-country-ch","7":"product_cat-spain-ch","8":"product_tag-vitoria-gasteiz-ch","10":"first","11":"instock","12":"sale","13":"taxable","14":"shipping-taxable","15":"purchasable","16":"product-type-variable"},"acf":{"city_name":"Vitoria-Gasteiz","city_name_display":"Vitoria-Gasteiz","languages":"Spanisch, Englisch","duration":"etwa 1.5 - 2 Stunden","description_1":"","description_2":"","city_description":"","short_description":"","notes":"","header_image":299013,"highlight_locations":"Plaza de la Virgen Blanca, La Catedral de Santa Mar\u00eda, Palacio Escoriaza-Esquivel","additional_wheelchair":"Dieser Trail ist aufgrund von Steigungen und Treppen f\u00fcr Rollst\u00fchle und Kinderwagen nur bedingt geeignet. Alle Orte sind jedoch erreichbar.","voucher_link":"","start_location_coordinates":"42.84606, -2.67167","start_location_name":"Oficina de Correos","start_location_address":"Calle Postas, 9, 01001 Vitoria-Gasteiz, \u00c1lava","end_location_name":"Los Arquillos","partner_object":null},"_links":{"self":[{"href":"https:\/\/explorial.com\/de-ch\/wp-json\/wp\/v2\/product\/298869","targetHints":{"allow":["GET"]}}],"collection":[{"href":"https:\/\/explorial.com\/de-ch\/wp-json\/wp\/v2\/product"}],"about":[{"href":"https:\/\/explorial.com\/de-ch\/wp-json\/wp\/v2\/types\/product"}],"replies":[{"embeddable":true,"href":"https:\/\/explorial.com\/de-ch\/wp-json\/wp\/v2\/comments?post=298869"}],"wp:featuredmedia":[{"embeddable":true,"href":"https:\/\/explorial.com\/de-ch\/wp-json\/wp\/v2\/media\/299019"}],"wp:attachment":[{"href":"https:\/\/explorial.com\/de-ch\/wp-json\/wp\/v2\/media?parent=298869"}],"wp:term":[{"taxonomy":"product_brand","embeddable":true,"href":"https:\/\/explorial.com\/de-ch\/wp-json\/wp\/v2\/product_brand?post=298869"},{"taxonomy":"product_cat","embeddable":true,"href":"https:\/\/explorial.com\/de-ch\/wp-json\/wp\/v2\/product_cat?post=298869"},{"taxonomy":"product_tag","embeddable":true,"href":"https:\/\/explorial.com\/de-ch\/wp-json\/wp\/v2\/product_tag?post=298869"}],"curies":[{"name":"wp","href":"https:\/\/api.w.org\/{rel}","templated":true}]}}