{"id":294041,"date":"2024-12-23T12:40:39","date_gmt":"2024-12-23T12:40:39","guid":{"rendered":"https:\/\/explorial.com\/trails\/stadttour-lubeck-1\/"},"modified":"2024-12-23T12:47:45","modified_gmt":"2024-12-23T12:47:45","slug":"stadttour-lubeck-1","status":"publish","type":"product","link":"https:\/\/explorial.com\/de-ch\/trails\/stadttour-lubeck-1\/","title":{"rendered":"L\u00fcbeck"},"content":{"rendered":"","protected":false},"excerpt":{"rendered":"","protected":false},"featured_media":294195,"comment_status":"open","ping_status":"closed","template":"","meta":{"_acf_changed":false},"product_brand":[],"product_cat":[966,3449],"product_tag":[3765],"class_list":{"0":"post-294041","1":"product","2":"type-product","3":"status-publish","4":"has-post-thumbnail","6":"product_cat-germany-ch","7":"product_cat-schleswig-holstein-ch","8":"product_tag-lubeck-ch","10":"first","11":"instock","12":"sale","13":"taxable","14":"shipping-taxable","15":"purchasable","16":"product-type-variable"},"acf":{"city_name":"L\u00fcbeck","city_name_display":"L\u00fcbeck","languages":"Deutsch","duration":"etwa 1.5 - 2 Stunden","description_1":"","description_2":"","city_description":"L\u00fcbeck war als wichtige Handelsstadt einst das Tor zur Welt \u2013 die Stadt hat bis heute nichts von ihrer Anziehungskraft verloren. Sieben T\u00fcrme und Backsteingotik pr\u00e4gen das eindrucksvolle Stadtbild und sorgen f\u00fcr eine einzigartige Atmosph\u00e4re. Die charmante, von Wasser umgebene Altstadt l\u00e4dt mit ihren verwinkelten Gassen zum Entdecken ein. L\u00fcbeck hat jedoch nicht nur eine \u00fcberaus reiche Kultur- und Baugeschichte zu bieten, sondern auch beliebte Spezialit\u00e4ten wie das leckere Marzipan. Zudem wandelte bereits eine Vielzahl an Ber\u00fchmtheiten aus Literatur, Musik und Politik durch die Stra\u00dfen dieser beeindruckenden Stadt.","short_description":"","notes":"","header_image":294189,"highlight_locations":"Holstentor, Rathaus, Stintmarkt","additional_wheelchair":"Dieser Trail ist aufgrund von Steigungen und Treppen f\u00fcr Rollst\u00fchle und Kinderwagen nur bedingt geeignet. Alle Orte sind jedoch erreichbar.","voucher_link":"","start_location_coordinates":"53.86623, 10.67755","start_location_name":"L\u00fcbecker L\u00f6we","start_location_address":"Burgtorbr\u00fccke, 23568 L\u00fcbeck, Deutschland","end_location_name":"Hafen","partner_object":null},"_links":{"self":[{"href":"https:\/\/explorial.com\/de-ch\/wp-json\/wp\/v2\/product\/294041","targetHints":{"allow":["GET"]}}],"collection":[{"href":"https:\/\/explorial.com\/de-ch\/wp-json\/wp\/v2\/product"}],"about":[{"href":"https:\/\/explorial.com\/de-ch\/wp-json\/wp\/v2\/types\/product"}],"replies":[{"embeddable":true,"href":"https:\/\/explorial.com\/de-ch\/wp-json\/wp\/v2\/comments?post=294041"}],"wp:featuredmedia":[{"embeddable":true,"href":"https:\/\/explorial.com\/de-ch\/wp-json\/wp\/v2\/media\/294195"}],"wp:attachment":[{"href":"https:\/\/explorial.com\/de-ch\/wp-json\/wp\/v2\/media?parent=294041"}],"wp:term":[{"taxonomy":"product_brand","embeddable":true,"href":"https:\/\/explorial.com\/de-ch\/wp-json\/wp\/v2\/product_brand?post=294041"},{"taxonomy":"product_cat","embeddable":true,"href":"https:\/\/explorial.com\/de-ch\/wp-json\/wp\/v2\/product_cat?post=294041"},{"taxonomy":"product_tag","embeddable":true,"href":"https:\/\/explorial.com\/de-ch\/wp-json\/wp\/v2\/product_tag?post=294041"}],"curies":[{"name":"wp","href":"https:\/\/api.w.org\/{rel}","templated":true}]}}