{"id":293186,"date":"2024-12-18T10:27:00","date_gmt":"2024-12-18T10:27:00","guid":{"rendered":"https:\/\/explorial.com\/trails\/stadttour-wangen-im-allgau-1\/"},"modified":"2024-12-18T10:28:45","modified_gmt":"2024-12-18T10:28:45","slug":"stadttour-wangen-im-allgau-1","status":"publish","type":"product","link":"https:\/\/explorial.com\/de-ch\/trails\/stadttour-wangen-im-allgau-1\/","title":{"rendered":"Wangen im Allg\u00e4u"},"content":{"rendered":"","protected":false},"excerpt":{"rendered":"","protected":false},"featured_media":293038,"comment_status":"open","ping_status":"closed","template":"","meta":{"_acf_changed":false},"product_brand":[],"product_cat":[971,966],"product_tag":[3753],"class_list":{"0":"post-293186","1":"product","2":"type-product","3":"status-publish","4":"has-post-thumbnail","6":"product_cat-baden-wurttemberg-ch","7":"product_cat-germany-ch","8":"product_tag-wangen-im-allgau-ch","10":"first","11":"instock","12":"sale","13":"taxable","14":"shipping-taxable","15":"purchasable","16":"product-type-variable"},"acf":{"city_name":"Wangen im Allg\u00e4u","city_name_display":"Wangen im Allg\u00e4u","languages":"Deutsch","duration":"etwa 1.5 - 2 Stunden","description_1":"","description_2":"","city_description":"Das idyllische Wangen ist ein kleines Schmuckst\u00fcck im Allg\u00e4u. Mit viel Liebe wurden historische Bauten erhalten, gepflegt und teilweise verziert. Viele Restaurants, Caf\u00e9s, L\u00e4den und M\u00e4rkte runden das lebendige Stadtbild ab.","short_description":"","notes":"","header_image":293032,"highlight_locations":"Caf\u00e9 Walfisch beim Martinstor, Marktplatz, Adlerbrunnen an der Herrenstra\u00dfe","additional_wheelchair":"Dieser Trail ist aufgrund von Steigungen und Treppen f\u00fcr Rollst\u00fchle und Kinderwagen nur bedingt geeignet. Alle Orte sind jedoch erreichbar.","voucher_link":"","start_location_coordinates":"47.68788, 9.83369","start_location_name":"Frauentorplatz","start_location_address":"D - 88239 Wangen im Allg\u00e4u\n\n","end_location_name":"Taugenichts","partner_object":null},"_links":{"self":[{"href":"https:\/\/explorial.com\/de-ch\/wp-json\/wp\/v2\/product\/293186","targetHints":{"allow":["GET"]}}],"collection":[{"href":"https:\/\/explorial.com\/de-ch\/wp-json\/wp\/v2\/product"}],"about":[{"href":"https:\/\/explorial.com\/de-ch\/wp-json\/wp\/v2\/types\/product"}],"replies":[{"embeddable":true,"href":"https:\/\/explorial.com\/de-ch\/wp-json\/wp\/v2\/comments?post=293186"}],"wp:featuredmedia":[{"embeddable":true,"href":"https:\/\/explorial.com\/de-ch\/wp-json\/wp\/v2\/media\/293038"}],"wp:attachment":[{"href":"https:\/\/explorial.com\/de-ch\/wp-json\/wp\/v2\/media?parent=293186"}],"wp:term":[{"taxonomy":"product_brand","embeddable":true,"href":"https:\/\/explorial.com\/de-ch\/wp-json\/wp\/v2\/product_brand?post=293186"},{"taxonomy":"product_cat","embeddable":true,"href":"https:\/\/explorial.com\/de-ch\/wp-json\/wp\/v2\/product_cat?post=293186"},{"taxonomy":"product_tag","embeddable":true,"href":"https:\/\/explorial.com\/de-ch\/wp-json\/wp\/v2\/product_tag?post=293186"}],"curies":[{"name":"wp","href":"https:\/\/api.w.org\/{rel}","templated":true}]}}