{"id":284647,"date":"2024-09-12T15:22:41","date_gmt":"2024-09-12T15:22:41","guid":{"rendered":"https:\/\/explorial.com\/trails\/stadttour-hallstatt-1\/"},"modified":"2024-09-12T15:24:42","modified_gmt":"2024-09-12T15:24:42","slug":"stadttour-hallstatt-1","status":"publish","type":"product","link":"https:\/\/explorial.com\/de-ch\/trails\/stadttour-hallstatt-1\/","title":{"rendered":"Hallstatt"},"content":{"rendered":"","protected":false},"excerpt":{"rendered":"","protected":false},"featured_media":284479,"comment_status":"open","ping_status":"closed","template":"","meta":{"_acf_changed":false},"product_brand":[],"product_cat":[3678,2139],"product_tag":[3684],"class_list":{"0":"post-284647","1":"product","2":"type-product","3":"status-publish","4":"has-post-thumbnail","6":"product_cat-upper-austria-ch","7":"product_cat-austria-ch","8":"product_tag-hallstatt-ch","10":"first","11":"instock","12":"sale","13":"taxable","14":"shipping-taxable","15":"purchasable","16":"product-type-variable"},"acf":{"city_name":"Hallstatt","city_name_display":"Hallstatt","languages":"Deutsch, Englisch","duration":"etwa 1.5 - 2 Stunden","description_1":"","description_2":"","city_description":"Hallstatt bietet eine der sch\u00f6nsten Kulissen \u00d6sterreichs: Die malerischen H\u00e4nge schmiegen sich entlang des mystischen, dunklen Sees in die Landschaft. Traditionelle Holzh\u00e4user, schmale G\u00e4sschen, die euch entlang der H\u00fcgel f\u00fchren und die Gegenw\u00e4rtigkeit von Natur und Geschichte ziehen hier Besucher\/-innen aus aller Welt in ihren Bann. Entdeckt mit Explorial auf diesem Trail das einzigartige Hallstatt \u2013 los geht\u2019s! ","short_description":"","notes":"","header_image":284473,"highlight_locations":"Evangelische Pfarrkirche, Marktplatz, Schiffstation Hallstatt-Lahn","additional_wheelchair":"Dieser Trail ist aufgrund von Steigungen und Treppen f\u00fcr Rollst\u00fchle und Kinderwagen nur bedingt geeignet. Alle Orte sind jedoch erreichbar.","voucher_link":"","start_location_coordinates":"47.56295, 13.64975","start_location_name":"Schiffstation Hallstatt-Markt","start_location_address":"Landungsplatz, 4830 Hallstatt, \u00d6sterreich","end_location_name":"Schiffstation Hallstatt-Lahn","partner_object":null},"_links":{"self":[{"href":"https:\/\/explorial.com\/de-ch\/wp-json\/wp\/v2\/product\/284647","targetHints":{"allow":["GET"]}}],"collection":[{"href":"https:\/\/explorial.com\/de-ch\/wp-json\/wp\/v2\/product"}],"about":[{"href":"https:\/\/explorial.com\/de-ch\/wp-json\/wp\/v2\/types\/product"}],"replies":[{"embeddable":true,"href":"https:\/\/explorial.com\/de-ch\/wp-json\/wp\/v2\/comments?post=284647"}],"wp:featuredmedia":[{"embeddable":true,"href":"https:\/\/explorial.com\/de-ch\/wp-json\/wp\/v2\/media\/284479"}],"wp:attachment":[{"href":"https:\/\/explorial.com\/de-ch\/wp-json\/wp\/v2\/media?parent=284647"}],"wp:term":[{"taxonomy":"product_brand","embeddable":true,"href":"https:\/\/explorial.com\/de-ch\/wp-json\/wp\/v2\/product_brand?post=284647"},{"taxonomy":"product_cat","embeddable":true,"href":"https:\/\/explorial.com\/de-ch\/wp-json\/wp\/v2\/product_cat?post=284647"},{"taxonomy":"product_tag","embeddable":true,"href":"https:\/\/explorial.com\/de-ch\/wp-json\/wp\/v2\/product_tag?post=284647"}],"curies":[{"name":"wp","href":"https:\/\/api.w.org\/{rel}","templated":true}]}}