{"id":283892,"date":"2024-09-12T14:41:58","date_gmt":"2024-09-12T14:41:58","guid":{"rendered":"https:\/\/explorial.com\/trails\/stadttour-klagenfurt-1\/"},"modified":"2024-09-12T14:43:56","modified_gmt":"2024-09-12T14:43:56","slug":"stadttour-klagenfurt-1","status":"publish","type":"product","link":"https:\/\/explorial.com\/de-ch\/trails\/stadttour-klagenfurt-1\/","title":{"rendered":"Klagenfurt"},"content":{"rendered":"","protected":false},"excerpt":{"rendered":"","protected":false},"featured_media":283726,"comment_status":"open","ping_status":"closed","template":"","meta":{"_acf_changed":false},"product_brand":[],"product_cat":[3560,2139],"product_tag":[3666],"class_list":{"0":"post-283892","1":"product","2":"type-product","3":"status-publish","4":"has-post-thumbnail","6":"product_cat-carinthia-ch","7":"product_cat-austria-ch","8":"product_tag-klagenfurt-ch","10":"first","11":"instock","12":"sale","13":"taxable","14":"shipping-taxable","15":"purchasable","16":"product-type-variable"},"acf":{"city_name":"Klagenfurt","city_name_display":"Klagenfurt","languages":"Deutsch, Englisch","duration":"etwa 1.5 - 2 Stunden","description_1":"","description_2":"","city_description":"Klagenfurt, die Landeshauptstadt von K\u00e4rnten, hat so einiges zu bieten: mediterranes Flair pur, die bezaubernde Lage am W\u00f6rthersee und einen Altstadtkern mit einer Extraportion Charme. Ob Lindwurm, Alter Platz oder K\u00e4rntner Kasnudel: Entdeckt in diesem Trail alles, was die Stadt zu bieten hat!","short_description":"","notes":"","header_image":283720,"highlight_locations":"Stadttheater, Domplatz, Schillerpark","additional_wheelchair":"Dieser Trail ist aufgrund von Steigungen und Treppen f\u00fcr Rollst\u00fchle und Kinderwagen nur bedingt geeignet. Alle Orte sind jedoch erreichbar.","voucher_link":"","start_location_coordinates":"46.62066, 14.31165","start_location_name":"Arnulfplatz","start_location_address":"Bahnhofstra\u00dfe 39, 9020 Klagenfurt am W\u00f6rthersee, \u00d6sterreich","end_location_name":"Stadttheater","partner_object":null},"_links":{"self":[{"href":"https:\/\/explorial.com\/de-ch\/wp-json\/wp\/v2\/product\/283892","targetHints":{"allow":["GET"]}}],"collection":[{"href":"https:\/\/explorial.com\/de-ch\/wp-json\/wp\/v2\/product"}],"about":[{"href":"https:\/\/explorial.com\/de-ch\/wp-json\/wp\/v2\/types\/product"}],"replies":[{"embeddable":true,"href":"https:\/\/explorial.com\/de-ch\/wp-json\/wp\/v2\/comments?post=283892"}],"wp:featuredmedia":[{"embeddable":true,"href":"https:\/\/explorial.com\/de-ch\/wp-json\/wp\/v2\/media\/283726"}],"wp:attachment":[{"href":"https:\/\/explorial.com\/de-ch\/wp-json\/wp\/v2\/media?parent=283892"}],"wp:term":[{"taxonomy":"product_brand","embeddable":true,"href":"https:\/\/explorial.com\/de-ch\/wp-json\/wp\/v2\/product_brand?post=283892"},{"taxonomy":"product_cat","embeddable":true,"href":"https:\/\/explorial.com\/de-ch\/wp-json\/wp\/v2\/product_cat?post=283892"},{"taxonomy":"product_tag","embeddable":true,"href":"https:\/\/explorial.com\/de-ch\/wp-json\/wp\/v2\/product_tag?post=283892"}],"curies":[{"name":"wp","href":"https:\/\/api.w.org\/{rel}","templated":true}]}}