{"id":281342,"date":"2024-09-03T12:56:43","date_gmt":"2024-09-03T12:56:43","guid":{"rendered":"https:\/\/explorial.com\/trails\/stadttour-hamburg-2\/"},"modified":"2024-09-16T12:35:54","modified_gmt":"2024-09-16T12:35:54","slug":"stadttour-hamburg-2","status":"publish","type":"product","link":"https:\/\/explorial.com\/de-ch\/trails\/stadttour-hamburg-2\/","title":{"rendered":"Hamburg (Speicherstadt)"},"content":{"rendered":"","protected":false},"excerpt":{"rendered":"","protected":false},"featured_media":281183,"comment_status":"open","ping_status":"closed","template":"","meta":{"_acf_changed":false},"product_brand":[],"product_cat":[966,1154],"product_tag":[1033],"class_list":{"0":"post-281342","1":"product","2":"type-product","3":"status-publish","4":"has-post-thumbnail","6":"product_cat-germany-ch","7":"product_cat-hamburg-ch","8":"product_tag-hamburg-ch","10":"first","11":"instock","12":"sale","13":"taxable","14":"shipping-taxable","15":"purchasable","16":"product-type-variable"},"acf":{"city_name":"Hamburg","city_name_display":"Hamburg (Speicherstadt)","languages":"Deutsch","duration":"etwa 1.5 - 2 Stunden","description_1":"","description_2":"","city_description":"Die Speicherstadt spiegelt Hamburgs Geschichte wider wie kaum eine andere Gegend der Hansestadt und ist heute eine der bekanntesten Touristenattraktionen. Zwischen den beeindruckenden Backsteinbauten h\u00f6rt man noch die Masten alter Schiffe knarren und kann Teppichh\u00e4ndler bei der Arbeit beobachten. Aber hier finden Tourist\/-innen auch Attraktionen wie die Elbphilharmonie oder das Miniatur Wunderland und es entsteht au\u00dferdem die moderne Hafencity, Quartier nach Quartier. Wer die einzigartige Geschichte und Zukunft Hamburgs erleben m\u00f6chte, findet hier alles an einem Fleck.","short_description":"","notes":"","header_image":281177,"highlight_locations":"Elbphilharmonie, Brooksbr\u00fccke, Traditionshafen am Sandtorkai","additional_wheelchair":"Dieser Trail ist aufgrund von Steigungen und Treppen f\u00fcr Rollst\u00fchle und Kinderwagen nur bedingt geeignet. Alle Orte sind jedoch erreichbar.","voucher_link":"","start_location_coordinates":"53.54298, 9.9999","start_location_name":"Statue Schiffsschraube","start_location_address":"Elbtorpromenade, 20457 Hamburg, Deutschland","end_location_name":"Elbphilharmonie","partner_object":null},"_links":{"self":[{"href":"https:\/\/explorial.com\/de-ch\/wp-json\/wp\/v2\/product\/281342","targetHints":{"allow":["GET"]}}],"collection":[{"href":"https:\/\/explorial.com\/de-ch\/wp-json\/wp\/v2\/product"}],"about":[{"href":"https:\/\/explorial.com\/de-ch\/wp-json\/wp\/v2\/types\/product"}],"replies":[{"embeddable":true,"href":"https:\/\/explorial.com\/de-ch\/wp-json\/wp\/v2\/comments?post=281342"}],"wp:featuredmedia":[{"embeddable":true,"href":"https:\/\/explorial.com\/de-ch\/wp-json\/wp\/v2\/media\/281183"}],"wp:attachment":[{"href":"https:\/\/explorial.com\/de-ch\/wp-json\/wp\/v2\/media?parent=281342"}],"wp:term":[{"taxonomy":"product_brand","embeddable":true,"href":"https:\/\/explorial.com\/de-ch\/wp-json\/wp\/v2\/product_brand?post=281342"},{"taxonomy":"product_cat","embeddable":true,"href":"https:\/\/explorial.com\/de-ch\/wp-json\/wp\/v2\/product_cat?post=281342"},{"taxonomy":"product_tag","embeddable":true,"href":"https:\/\/explorial.com\/de-ch\/wp-json\/wp\/v2\/product_tag?post=281342"}],"curies":[{"name":"wp","href":"https:\/\/api.w.org\/{rel}","templated":true}]}}