{"id":272583,"date":"2024-07-22T09:12:56","date_gmt":"2024-07-22T09:12:56","guid":{"rendered":"https:\/\/explorial.com\/trails\/stadttour-tubingen-1\/"},"modified":"2024-09-16T12:39:24","modified_gmt":"2024-09-16T12:39:24","slug":"stadttour-tubingen-1","status":"publish","type":"product","link":"https:\/\/explorial.com\/de-ch\/trails\/stadttour-tubingen-1\/","title":{"rendered":"T\u00fcbingen"},"content":{"rendered":"","protected":false},"excerpt":{"rendered":"","protected":false},"featured_media":272420,"comment_status":"open","ping_status":"closed","template":"","meta":{"_acf_changed":false},"product_brand":[],"product_cat":[971,966],"product_tag":[3583],"class_list":{"0":"post-272583","1":"product","2":"type-product","3":"status-publish","4":"has-post-thumbnail","6":"product_cat-baden-wurttemberg-ch","7":"product_cat-germany-ch","8":"product_tag-tubingen-ch","10":"first","11":"instock","12":"sale","13":"taxable","14":"shipping-taxable","15":"purchasable","16":"product-type-variable"},"acf":{"city_name":"T\u00fcbingen","city_name_display":"T\u00fcbingen","languages":"Deutsch","duration":"etwa 1.5 - 2 Stunden","description_1":"","description_2":"","city_description":"T\u00fcbingen ist eine kleine Stadt in Baden-W\u00fcrttemberg, die als beliebte Universit\u00e4tsstadt z\u00e4hlt und zudem f\u00fcr ihre tollen Fachwerkh\u00e4user, den Baustil und den Reichtum an Kultur bekannt ist. Auch viele ber\u00fchmte Pers\u00f6nlichkeiten, die die Wissenschaft und das deutsche Kulturerbe gepr\u00e4gt haben, k\u00f6nnen mit T\u00fcbingen in Verbindung gebracht werden. Die Stadt gl\u00e4nzt zudem durch ihr vielf\u00e4ltiges Angebot von Freizeitaktivit\u00e4ten und Sehensw\u00fcrdigkeiten, vor allem auch am Wasser. ","short_description":"","notes":"","header_image":272414,"highlight_locations":"Rathaus, Schloss Hohent\u00fcbingen, Neckarfront","additional_wheelchair":"Dieser Trail ist aufgrund von Steigungen und Treppen f\u00fcr Rollst\u00fchle und Kinderwagen nur bedingt geeignet. Alle Orte sind jedoch erreichbar.","voucher_link":"","start_location_coordinates":"48.52278, 9.05721","start_location_name":"Alter Botanischer Garten ","start_location_address":"72070 T\u00fcbingen, Deutschland","end_location_name":"Neckarfront","partner_object":null},"_links":{"self":[{"href":"https:\/\/explorial.com\/de-ch\/wp-json\/wp\/v2\/product\/272583","targetHints":{"allow":["GET"]}}],"collection":[{"href":"https:\/\/explorial.com\/de-ch\/wp-json\/wp\/v2\/product"}],"about":[{"href":"https:\/\/explorial.com\/de-ch\/wp-json\/wp\/v2\/types\/product"}],"replies":[{"embeddable":true,"href":"https:\/\/explorial.com\/de-ch\/wp-json\/wp\/v2\/comments?post=272583"}],"wp:featuredmedia":[{"embeddable":true,"href":"https:\/\/explorial.com\/de-ch\/wp-json\/wp\/v2\/media\/272420"}],"wp:attachment":[{"href":"https:\/\/explorial.com\/de-ch\/wp-json\/wp\/v2\/media?parent=272583"}],"wp:term":[{"taxonomy":"product_brand","embeddable":true,"href":"https:\/\/explorial.com\/de-ch\/wp-json\/wp\/v2\/product_brand?post=272583"},{"taxonomy":"product_cat","embeddable":true,"href":"https:\/\/explorial.com\/de-ch\/wp-json\/wp\/v2\/product_cat?post=272583"},{"taxonomy":"product_tag","embeddable":true,"href":"https:\/\/explorial.com\/de-ch\/wp-json\/wp\/v2\/product_tag?post=272583"}],"curies":[{"name":"wp","href":"https:\/\/api.w.org\/{rel}","templated":true}]}}