{"id":271292,"date":"2024-07-19T08:05:57","date_gmt":"2024-07-19T08:05:57","guid":{"rendered":"https:\/\/explorial.com\/trails\/stadttour-lienz-1\/"},"modified":"2024-09-09T09:01:26","modified_gmt":"2024-09-09T09:01:26","slug":"stadttour-lienz-1","status":"publish","type":"product","link":"https:\/\/explorial.com\/de-ch\/trails\/stadttour-lienz-1\/","title":{"rendered":"Lienz"},"content":{"rendered":"","protected":false},"excerpt":{"rendered":"","protected":false},"featured_media":279744,"comment_status":"open","ping_status":"closed","template":"","meta":{"_acf_changed":false},"product_brand":[],"product_cat":[2139,2835],"product_tag":[3547],"class_list":{"0":"post-271292","1":"product","2":"type-product","3":"status-publish","4":"has-post-thumbnail","6":"product_cat-austria-ch","7":"product_cat-tyrol-ch","8":"product_tag-lienz-ch","10":"first","11":"instock","12":"sale","13":"taxable","14":"shipping-taxable","15":"purchasable","16":"product-type-variable"},"acf":{"city_name":"Lienz","city_name_display":"Lienz","languages":"Deutsch, Englisch","duration":"etwa 1.5 - 2 Stunden","description_1":"","description_2":"","city_description":"Malerisch eingebettet zwischen den majest\u00e4tischen Dolomiten und den beeindruckenden Gailtaler Alpen liegt die Hauptstadt Osttirols: Lienz. Diese charmante Kleinstadt \u00fcberzeugt mit einer besonderen Mischung aus Natur, Geschichte und einer einladenden Atmosph\u00e4re, die Besucher aus aller Welt anzieht. Lienz ist nicht nur Ausgangspunkt f\u00fcr Erkundungen in der umliegenden atemberaubenden Landschaft, sondern hat auch in der Stadt selbst zahlreiche Sch\u00e4tze zu bieten.","short_description":"","notes":"","header_image":279675,"highlight_locations":"Liebburg, Spitalsbr\u00fccke, Isel","additional_wheelchair":"Dieser Trail ist aufgrund von Steigungen und Treppen f\u00fcr Rollst\u00fchle und Kinderwagen nur bedingt geeignet. Alle Orte sind jedoch erreichbar.","voucher_link":"","start_location_coordinates":"46.82882, 12.77112","start_location_name":"Bahnhof Lienz","start_location_address":"E66, 9900 Lienz, \u00d6sterreich","end_location_name":"Stadtpfarrkirche St. Andr\u00e4","partner_object":null},"_links":{"self":[{"href":"https:\/\/explorial.com\/de-ch\/wp-json\/wp\/v2\/product\/271292","targetHints":{"allow":["GET"]}}],"collection":[{"href":"https:\/\/explorial.com\/de-ch\/wp-json\/wp\/v2\/product"}],"about":[{"href":"https:\/\/explorial.com\/de-ch\/wp-json\/wp\/v2\/types\/product"}],"replies":[{"embeddable":true,"href":"https:\/\/explorial.com\/de-ch\/wp-json\/wp\/v2\/comments?post=271292"}],"wp:featuredmedia":[{"embeddable":true,"href":"https:\/\/explorial.com\/de-ch\/wp-json\/wp\/v2\/media\/279744"}],"wp:attachment":[{"href":"https:\/\/explorial.com\/de-ch\/wp-json\/wp\/v2\/media?parent=271292"}],"wp:term":[{"taxonomy":"product_brand","embeddable":true,"href":"https:\/\/explorial.com\/de-ch\/wp-json\/wp\/v2\/product_brand?post=271292"},{"taxonomy":"product_cat","embeddable":true,"href":"https:\/\/explorial.com\/de-ch\/wp-json\/wp\/v2\/product_cat?post=271292"},{"taxonomy":"product_tag","embeddable":true,"href":"https:\/\/explorial.com\/de-ch\/wp-json\/wp\/v2\/product_tag?post=271292"}],"curies":[{"name":"wp","href":"https:\/\/api.w.org\/{rel}","templated":true}]}}