{"id":270719,"date":"2024-07-17T08:57:52","date_gmt":"2024-07-17T08:57:52","guid":{"rendered":"https:\/\/explorial.com\/trails\/stadttour-augsburg-1\/"},"modified":"2024-09-16T12:22:57","modified_gmt":"2024-09-16T12:22:57","slug":"stadttour-augsburg-1","status":"publish","type":"product","link":"https:\/\/explorial.com\/de-ch\/trails\/stadttour-augsburg-1\/","title":{"rendered":"Augsburg"},"content":{"rendered":"","protected":false},"excerpt":{"rendered":"","protected":false},"featured_media":270573,"comment_status":"open","ping_status":"closed","template":"","meta":{"_acf_changed":false},"product_brand":[],"product_cat":[974,966],"product_tag":[3540],"class_list":{"0":"post-270719","1":"product","2":"type-product","3":"status-publish","4":"has-post-thumbnail","6":"product_cat-bavaria-ch","7":"product_cat-germany-ch","8":"product_tag-augsburg-ch","10":"first","11":"instock","12":"sale","13":"taxable","14":"shipping-taxable","15":"purchasable","16":"product-type-variable"},"acf":{"city_name":"Augsburg","city_name_display":"Augsburg","languages":"Deutsch","duration":"etwa 1.5 - 2 Stunden","description_1":"","description_2":"","city_description":"Eine Stadt voller Geschichte, Kultur und Innovation. Von den pr\u00e4chtigen Renaissancebauten der Fuggerei bis zu einer lebendigen Erlebniskultur und dem UNESCO-pr\u00e4mierten Wassersystem bietet Augsburg einfach die perfekte Mischung aus Tradition und Fortschritt. Die einzigartige Atmosph\u00e4re in einer der \u00e4ltesten St\u00e4dte Deutschlands l\u00e4sst sich auf zahlreiche Stilepochen zur\u00fcckf\u00fchren und beheimatete obendrein auch noch einen der ber\u00fchmtesten deutschen Lyriker. Eine Stadt, die unbedingt erkundet werden und bei keiner Deutschlandreise fehlen sollte. ","short_description":"","notes":"","header_image":270567,"highlight_locations":"Augsburger Dom, Brechthaus, Augustusbrunnen","additional_wheelchair":"Dieser Trail ist aufgrund von Steigungen und Treppen f\u00fcr Rollst\u00fchle und Kinderwagen nur bedingt geeignet. Alle Orte sind jedoch erreichbar.","voucher_link":"","start_location_coordinates":"48.3721, 10.89567","start_location_name":"Friedensdenkmal im Fronhof","start_location_address":"Friedensdenkmal im Fronhof, 86152 Augsburg-Innenstadt","end_location_name":"Schaezlerpalais","partner_object":null},"_links":{"self":[{"href":"https:\/\/explorial.com\/de-ch\/wp-json\/wp\/v2\/product\/270719","targetHints":{"allow":["GET"]}}],"collection":[{"href":"https:\/\/explorial.com\/de-ch\/wp-json\/wp\/v2\/product"}],"about":[{"href":"https:\/\/explorial.com\/de-ch\/wp-json\/wp\/v2\/types\/product"}],"replies":[{"embeddable":true,"href":"https:\/\/explorial.com\/de-ch\/wp-json\/wp\/v2\/comments?post=270719"}],"wp:featuredmedia":[{"embeddable":true,"href":"https:\/\/explorial.com\/de-ch\/wp-json\/wp\/v2\/media\/270573"}],"wp:attachment":[{"href":"https:\/\/explorial.com\/de-ch\/wp-json\/wp\/v2\/media?parent=270719"}],"wp:term":[{"taxonomy":"product_brand","embeddable":true,"href":"https:\/\/explorial.com\/de-ch\/wp-json\/wp\/v2\/product_brand?post=270719"},{"taxonomy":"product_cat","embeddable":true,"href":"https:\/\/explorial.com\/de-ch\/wp-json\/wp\/v2\/product_cat?post=270719"},{"taxonomy":"product_tag","embeddable":true,"href":"https:\/\/explorial.com\/de-ch\/wp-json\/wp\/v2\/product_tag?post=270719"}],"curies":[{"name":"wp","href":"https:\/\/api.w.org\/{rel}","templated":true}]}}