{"id":268188,"date":"2024-07-09T10:03:38","date_gmt":"2024-07-09T10:03:38","guid":{"rendered":"https:\/\/explorial.com\/trails\/stadttour-san-sebastian-1\/"},"modified":"2024-09-17T08:18:26","modified_gmt":"2024-09-17T08:18:26","slug":"stadttour-san-sebastian-1","status":"publish","type":"product","link":"https:\/\/explorial.com\/de-ch\/trails\/stadttour-san-sebastian-1\/","title":{"rendered":"San Sebasti\u00e1n"},"content":{"rendered":"","protected":false},"excerpt":{"rendered":"","protected":false},"featured_media":268014,"comment_status":"open","ping_status":"closed","template":"","meta":{"_acf_changed":false},"product_brand":[],"product_cat":[3498,980],"product_tag":[3503],"class_list":{"0":"post-268188","1":"product","2":"type-product","3":"status-publish","4":"has-post-thumbnail","6":"product_cat-basque-country-ch","7":"product_cat-spain-ch","8":"product_tag-san-sebastian-ch","10":"first","11":"instock","12":"sale","13":"taxable","14":"shipping-taxable","15":"purchasable","16":"product-type-variable"},"acf":{"city_name":"San Sebasti\u00e1n","city_name_display":"San Sebasti\u00e1n","languages":"Spanisch, Englisch","duration":"etwa 1.5 - 2 Stunden","description_1":"","description_2":"","city_description":"","short_description":"","notes":"","header_image":268008,"highlight_locations":"Plaza de la Constituci\u00f3n, Paseo de La Concha, Bas\u00edlica de Santa Mar\u00eda del Coro","additional_wheelchair":"Dieser Trail ist aufgrund von Steigungen und Treppen f\u00fcr Rollst\u00fchle und Kinderwagen nur bedingt geeignet. Alle Orte sind jedoch erreichbar.","voucher_link":"","start_location_coordinates":"43.32117, -1.98555","start_location_name":"Ayuntamiento de Donostia \/ San Sebasti\u00e1n","start_location_address":"Ijentea Kalea, 1, 20003, Donostia, Gipuzkoa","end_location_name":"Paseo de La Concha","partner_object":null},"_links":{"self":[{"href":"https:\/\/explorial.com\/de-ch\/wp-json\/wp\/v2\/product\/268188","targetHints":{"allow":["GET"]}}],"collection":[{"href":"https:\/\/explorial.com\/de-ch\/wp-json\/wp\/v2\/product"}],"about":[{"href":"https:\/\/explorial.com\/de-ch\/wp-json\/wp\/v2\/types\/product"}],"replies":[{"embeddable":true,"href":"https:\/\/explorial.com\/de-ch\/wp-json\/wp\/v2\/comments?post=268188"}],"wp:featuredmedia":[{"embeddable":true,"href":"https:\/\/explorial.com\/de-ch\/wp-json\/wp\/v2\/media\/268014"}],"wp:attachment":[{"href":"https:\/\/explorial.com\/de-ch\/wp-json\/wp\/v2\/media?parent=268188"}],"wp:term":[{"taxonomy":"product_brand","embeddable":true,"href":"https:\/\/explorial.com\/de-ch\/wp-json\/wp\/v2\/product_brand?post=268188"},{"taxonomy":"product_cat","embeddable":true,"href":"https:\/\/explorial.com\/de-ch\/wp-json\/wp\/v2\/product_cat?post=268188"},{"taxonomy":"product_tag","embeddable":true,"href":"https:\/\/explorial.com\/de-ch\/wp-json\/wp\/v2\/product_tag?post=268188"}],"curies":[{"name":"wp","href":"https:\/\/api.w.org\/{rel}","templated":true}]}}