{"id":267807,"date":"2024-07-09T10:00:18","date_gmt":"2024-07-09T10:00:18","guid":{"rendered":"https:\/\/explorial.com\/trails\/stadttour-bilbao-2\/"},"modified":"2024-09-17T08:06:17","modified_gmt":"2024-09-17T08:06:17","slug":"stadttour-bilbao-2","status":"publish","type":"product","link":"https:\/\/explorial.com\/de-ch\/trails\/stadttour-bilbao-2\/","title":{"rendered":"Bilbao (Monumental)"},"content":{"rendered":"","protected":false},"excerpt":{"rendered":"","protected":false},"featured_media":268923,"comment_status":"open","ping_status":"closed","template":"","meta":{"_acf_changed":false},"product_brand":[],"product_cat":[3498,980],"product_tag":[3492],"class_list":{"0":"post-267807","1":"product","2":"type-product","3":"status-publish","4":"has-post-thumbnail","6":"product_cat-basque-country-ch","7":"product_cat-spain-ch","8":"product_tag-bilbao-ch","10":"first","11":"instock","12":"sale","13":"taxable","14":"shipping-taxable","15":"purchasable","16":"product-type-variable"},"acf":{"city_name":"Bilbao","city_name_display":"Bilbao (Monumental)","languages":"Spanisch, Englisch","duration":"etwa 1.5 - 2 Stunden","description_1":"","description_2":"","city_description":"","short_description":"","notes":"","header_image":268917,"highlight_locations":"Museo Guggenheim, Parque Casilda Iturrizar, Palacio Foral","additional_wheelchair":"Dieser Trail ist aufgrund von Steigungen und Treppen f\u00fcr Rollst\u00fchle und Kinderwagen nur bedingt geeignet. Alle Orte sind jedoch erreichbar.","voucher_link":"","start_location_coordinates":"43.26014, -2.9261","start_location_name":"Estaci\u00f3n de la Concordia","start_location_address":"Calle de Bail\u00e9n, 2, Abando, 48005, Vizcaya, Espa\u00f1a","end_location_name":"Museo Guggenheim","partner_object":null},"_links":{"self":[{"href":"https:\/\/explorial.com\/de-ch\/wp-json\/wp\/v2\/product\/267807","targetHints":{"allow":["GET"]}}],"collection":[{"href":"https:\/\/explorial.com\/de-ch\/wp-json\/wp\/v2\/product"}],"about":[{"href":"https:\/\/explorial.com\/de-ch\/wp-json\/wp\/v2\/types\/product"}],"replies":[{"embeddable":true,"href":"https:\/\/explorial.com\/de-ch\/wp-json\/wp\/v2\/comments?post=267807"}],"wp:featuredmedia":[{"embeddable":true,"href":"https:\/\/explorial.com\/de-ch\/wp-json\/wp\/v2\/media\/268923"}],"wp:attachment":[{"href":"https:\/\/explorial.com\/de-ch\/wp-json\/wp\/v2\/media?parent=267807"}],"wp:term":[{"taxonomy":"product_brand","embeddable":true,"href":"https:\/\/explorial.com\/de-ch\/wp-json\/wp\/v2\/product_brand?post=267807"},{"taxonomy":"product_cat","embeddable":true,"href":"https:\/\/explorial.com\/de-ch\/wp-json\/wp\/v2\/product_cat?post=267807"},{"taxonomy":"product_tag","embeddable":true,"href":"https:\/\/explorial.com\/de-ch\/wp-json\/wp\/v2\/product_tag?post=267807"}],"curies":[{"name":"wp","href":"https:\/\/api.w.org\/{rel}","templated":true}]}}