{"id":265321,"date":"2024-06-28T15:35:07","date_gmt":"2024-06-28T15:35:07","guid":{"rendered":"https:\/\/explorial.com\/trails\/stadttour-munchen-2\/"},"modified":"2024-09-16T12:12:25","modified_gmt":"2024-09-16T12:12:25","slug":"stadttour-munchen-2","status":"publish","type":"product","link":"https:\/\/explorial.com\/de-ch\/trails\/stadttour-munchen-2\/","title":{"rendered":"M\u00fcnchen (Olympiapark)"},"content":{"rendered":"","protected":false},"excerpt":{"rendered":"","protected":false},"featured_media":265150,"comment_status":"open","ping_status":"closed","template":"","meta":{"_acf_changed":false},"product_brand":[],"product_cat":[974,966],"product_tag":[975],"class_list":{"0":"post-265321","1":"product","2":"type-product","3":"status-publish","4":"has-post-thumbnail","6":"product_cat-bavaria-ch","7":"product_cat-germany-ch","8":"product_tag-munich-ch","10":"first","11":"instock","12":"sale","13":"taxable","14":"shipping-taxable","15":"purchasable","16":"product-type-variable"},"acf":{"city_name":"M\u00fcnchen","city_name_display":"M\u00fcnchen (Olympiapark)","languages":"Deutsch","duration":"etwa 1.5 - 2 Stunden","description_1":"","description_2":"","city_description":"Der Olympiapark M\u00fcnchen beeindruckt mit futuristischer Architektur, erbaut f\u00fcr die Olympischen Sommerspiele 1972. Neben dem markanten Zeltdach des Olympiastadions, besticht der Park ebenso mit zahlreichen Sport- und Konzertveranstaltungen, sowie vielf\u00e4ltigen Freizeitm\u00f6glichkeiten wie Bootfahren auf dem Olympiasee und Besuche im Olympiaturm. Die weitl\u00e4ufige Anlage ist ein beliebtes Ziel f\u00fcr Einheimische und Touristen und bietet zahlreiche Gr\u00fcnfl\u00e4chen und Wege zum Spazieren und Radfahren.","short_description":"","notes":"","header_image":265144,"highlight_locations":"Olympiaturm, Olympiaberg, BMW Welt","additional_wheelchair":"Dieser Trail ist aufgrund von Steigungen und Treppen f\u00fcr Rollst\u00fchle und Kinderwagen nur bedingt geeignet. Alle Orte sind jedoch erreichbar.","voucher_link":"","start_location_coordinates":"48.1787, 11.5564","start_location_name":"U-Bahnstation U3 Olympiazentrum","start_location_address":"U-Bahnhof Olympiazentrum, 80809 M\u00fcnchen, Deutschland","end_location_name":"Olympiaberg","partner_object":null},"_links":{"self":[{"href":"https:\/\/explorial.com\/de-ch\/wp-json\/wp\/v2\/product\/265321","targetHints":{"allow":["GET"]}}],"collection":[{"href":"https:\/\/explorial.com\/de-ch\/wp-json\/wp\/v2\/product"}],"about":[{"href":"https:\/\/explorial.com\/de-ch\/wp-json\/wp\/v2\/types\/product"}],"replies":[{"embeddable":true,"href":"https:\/\/explorial.com\/de-ch\/wp-json\/wp\/v2\/comments?post=265321"}],"wp:featuredmedia":[{"embeddable":true,"href":"https:\/\/explorial.com\/de-ch\/wp-json\/wp\/v2\/media\/265150"}],"wp:attachment":[{"href":"https:\/\/explorial.com\/de-ch\/wp-json\/wp\/v2\/media?parent=265321"}],"wp:term":[{"taxonomy":"product_brand","embeddable":true,"href":"https:\/\/explorial.com\/de-ch\/wp-json\/wp\/v2\/product_brand?post=265321"},{"taxonomy":"product_cat","embeddable":true,"href":"https:\/\/explorial.com\/de-ch\/wp-json\/wp\/v2\/product_cat?post=265321"},{"taxonomy":"product_tag","embeddable":true,"href":"https:\/\/explorial.com\/de-ch\/wp-json\/wp\/v2\/product_tag?post=265321"}],"curies":[{"name":"wp","href":"https:\/\/api.w.org\/{rel}","templated":true}]}}