{"id":262608,"date":"2024-06-21T09:49:36","date_gmt":"2024-06-21T09:49:36","guid":{"rendered":"https:\/\/explorial.com\/trails\/stadttour-krems-an-der-donau-1\/"},"modified":"2024-09-09T09:08:47","modified_gmt":"2024-09-09T09:08:47","slug":"stadttour-krems-an-der-donau-1","status":"publish","type":"product","link":"https:\/\/explorial.com\/de-ch\/trails\/stadttour-krems-an-der-donau-1\/","title":{"rendered":"Krems an der Donau"},"content":{"rendered":"","protected":false},"excerpt":{"rendered":"","protected":false},"featured_media":279864,"comment_status":"open","ping_status":"closed","template":"","meta":{"_acf_changed":false},"product_brand":[],"product_cat":[3437,2139],"product_tag":[3428],"class_list":{"0":"post-262608","1":"product","2":"type-product","3":"status-publish","4":"has-post-thumbnail","6":"product_cat-lower-austria-ch","7":"product_cat-austria-ch","8":"product_tag-krems-an-der-donau-de","10":"first","11":"instock","12":"sale","13":"taxable","14":"shipping-taxable","15":"purchasable","16":"product-type-variable"},"acf":{"city_name":"Krems an der Donau","city_name_display":"Krems an der Donau","languages":"Deutsch, Englisch","duration":"etwa 1.5 - 2 Stunden","description_1":"","description_2":"","city_description":"Krems ist mehr als nur das Tor zur Wachau: Hier erwarten euch eine charmante Altstadt mit mittelalterlichem Flair, die malerische Lage an der Donau und regionale K\u00f6stlichkeiten. Mit ihrer reichen Geschichte, dem kulturellen Angebot und der atemberaubenden Landschaft ist Krems ein gro\u00dfartiges Ziel, um die Seele baumeln zu lassen, zu entdecken und zu genie\u00dfen. ","short_description":"","notes":"","header_image":279858,"highlight_locations":"Dom der Wachau, Museumsplatz, Steiner Tor","additional_wheelchair":"Dieser Trail ist aufgrund von Steigungen und Treppen f\u00fcr Rollst\u00fchle und Kinderwagen nur bedingt geeignet. Alle Orte sind jedoch erreichbar.","voucher_link":"","start_location_coordinates":"48.40276, 15.58989","start_location_name":"MS Mariandl","start_location_address":"Welterbeplatz 1, 3500 Krems an der Donau, \u00d6sterreich","end_location_name":"Dreifaltigkeitss\u00e4ule","partner_object":null},"_links":{"self":[{"href":"https:\/\/explorial.com\/de-ch\/wp-json\/wp\/v2\/product\/262608","targetHints":{"allow":["GET"]}}],"collection":[{"href":"https:\/\/explorial.com\/de-ch\/wp-json\/wp\/v2\/product"}],"about":[{"href":"https:\/\/explorial.com\/de-ch\/wp-json\/wp\/v2\/types\/product"}],"replies":[{"embeddable":true,"href":"https:\/\/explorial.com\/de-ch\/wp-json\/wp\/v2\/comments?post=262608"}],"wp:featuredmedia":[{"embeddable":true,"href":"https:\/\/explorial.com\/de-ch\/wp-json\/wp\/v2\/media\/279864"}],"wp:attachment":[{"href":"https:\/\/explorial.com\/de-ch\/wp-json\/wp\/v2\/media?parent=262608"}],"wp:term":[{"taxonomy":"product_brand","embeddable":true,"href":"https:\/\/explorial.com\/de-ch\/wp-json\/wp\/v2\/product_brand?post=262608"},{"taxonomy":"product_cat","embeddable":true,"href":"https:\/\/explorial.com\/de-ch\/wp-json\/wp\/v2\/product_cat?post=262608"},{"taxonomy":"product_tag","embeddable":true,"href":"https:\/\/explorial.com\/de-ch\/wp-json\/wp\/v2\/product_tag?post=262608"}],"curies":[{"name":"wp","href":"https:\/\/api.w.org\/{rel}","templated":true}]}}