{"id":252733,"date":"2024-06-04T16:13:18","date_gmt":"2024-06-04T16:13:18","guid":{"rendered":"https:\/\/explorial.com\/trails\/stadttour-aveiro-1\/"},"modified":"2024-09-17T14:04:05","modified_gmt":"2024-09-17T14:04:05","slug":"stadttour-aveiro-1","status":"publish","type":"product","link":"https:\/\/explorial.com\/de-ch\/trails\/stadttour-aveiro-1\/","title":{"rendered":"Aveiro"},"content":{"rendered":"","protected":false},"excerpt":{"rendered":"","protected":false},"featured_media":252539,"comment_status":"open","ping_status":"closed","template":"","meta":{"_acf_changed":false},"product_brand":[],"product_cat":[992,995],"product_tag":[3375],"class_list":{"0":"post-252733","1":"product","2":"type-product","3":"status-publish","4":"has-post-thumbnail","6":"product_cat-portugal-ch","7":"product_cat-central-portugal-ch","8":"product_tag-aveiro-ch","10":"first","11":"instock","12":"sale","13":"taxable","14":"shipping-taxable","15":"purchasable","16":"product-type-variable"},"acf":{"city_name":"Aveiro","city_name_display":"Aveiro","languages":"Portugiesisch, Englisch","duration":"etwa 1.5 - 2 Stunden","description_1":"","description_2":"","city_description":"","short_description":"","notes":"","header_image":252533,"highlight_locations":"Ovos Moles de Aveiro, Capela de S\u00e3o Gon\u00e7alinho,  Passeios de Moliceiro","additional_wheelchair":"Dieser Trail ist aufgrund von Steigungen und Treppen f\u00fcr Rollst\u00fchle und Kinderwagen nur bedingt geeignet. Alle Orte sind jedoch erreichbar.","voucher_link":"","start_location_coordinates":"40.63841, -8.64567","start_location_name":"Escadaria I Love Aveiro","start_location_address":"Rua Gustavo Silva, 3810-164 Aveiro, Portugal","end_location_name":" Passeios de Moliceiro","partner_object":null},"_links":{"self":[{"href":"https:\/\/explorial.com\/de-ch\/wp-json\/wp\/v2\/product\/252733","targetHints":{"allow":["GET"]}}],"collection":[{"href":"https:\/\/explorial.com\/de-ch\/wp-json\/wp\/v2\/product"}],"about":[{"href":"https:\/\/explorial.com\/de-ch\/wp-json\/wp\/v2\/types\/product"}],"replies":[{"embeddable":true,"href":"https:\/\/explorial.com\/de-ch\/wp-json\/wp\/v2\/comments?post=252733"}],"wp:featuredmedia":[{"embeddable":true,"href":"https:\/\/explorial.com\/de-ch\/wp-json\/wp\/v2\/media\/252539"}],"wp:attachment":[{"href":"https:\/\/explorial.com\/de-ch\/wp-json\/wp\/v2\/media?parent=252733"}],"wp:term":[{"taxonomy":"product_brand","embeddable":true,"href":"https:\/\/explorial.com\/de-ch\/wp-json\/wp\/v2\/product_brand?post=252733"},{"taxonomy":"product_cat","embeddable":true,"href":"https:\/\/explorial.com\/de-ch\/wp-json\/wp\/v2\/product_cat?post=252733"},{"taxonomy":"product_tag","embeddable":true,"href":"https:\/\/explorial.com\/de-ch\/wp-json\/wp\/v2\/product_tag?post=252733"}],"curies":[{"name":"wp","href":"https:\/\/api.w.org\/{rel}","templated":true}]}}