{"id":238825,"date":"2024-05-24T14:37:58","date_gmt":"2024-05-24T14:37:58","guid":{"rendered":"https:\/\/explorial.com\/trails\/stadttour-rouen-1\/"},"modified":"2024-09-17T09:40:00","modified_gmt":"2024-09-17T09:40:00","slug":"stadttour-rouen-1","status":"publish","type":"product","link":"https:\/\/explorial.com\/de-ch\/trails\/stadttour-rouen-1\/","title":{"rendered":"Rouen"},"content":{"rendered":"","protected":false},"excerpt":{"rendered":"","protected":false},"featured_media":238675,"comment_status":"open","ping_status":"closed","template":"","meta":{"_acf_changed":false},"product_brand":[],"product_cat":[1000,3321],"product_tag":[3350],"class_list":{"0":"post-238825","1":"product","2":"type-product","3":"status-publish","4":"has-post-thumbnail","6":"product_cat-france-ch","7":"product_cat-normandy-ch","8":"product_tag-rouen-es","10":"first","11":"instock","12":"sale","13":"taxable","14":"shipping-taxable","15":"purchasable","16":"product-type-variable"},"acf":{"city_name":"Rouen","city_name_display":"Rouen","languages":"Englisch, Franz\u00f6sisch","duration":"etwa 1.5 - 2 Stunden","description_1":"","description_2":"","city_description":"","short_description":"","notes":"","header_image":238669,"highlight_locations":"Street Art Jaw, Mus\u00e9e des Beaux Arts, Cath\u00e9drale Notre-Dame de Rouen","additional_wheelchair":"Dieser Trail ist aufgrund von Steigungen und Treppen f\u00fcr Rollst\u00fchle und Kinderwagen nur bedingt geeignet. Alle Orte sind jedoch erreichbar.","voucher_link":"","start_location_coordinates":"49.44337, 1.09888","start_location_name":"Statue \u00e9questre de Napol\u00e9on","start_location_address":"Il. du G\u00e9n\u00e9ral de Ga\u00eblle, 76000 Rouen, France","end_location_name":"Mus\u00e9e des Beaux Arts","partner_object":null},"_links":{"self":[{"href":"https:\/\/explorial.com\/de-ch\/wp-json\/wp\/v2\/product\/238825","targetHints":{"allow":["GET"]}}],"collection":[{"href":"https:\/\/explorial.com\/de-ch\/wp-json\/wp\/v2\/product"}],"about":[{"href":"https:\/\/explorial.com\/de-ch\/wp-json\/wp\/v2\/types\/product"}],"replies":[{"embeddable":true,"href":"https:\/\/explorial.com\/de-ch\/wp-json\/wp\/v2\/comments?post=238825"}],"wp:featuredmedia":[{"embeddable":true,"href":"https:\/\/explorial.com\/de-ch\/wp-json\/wp\/v2\/media\/238675"}],"wp:attachment":[{"href":"https:\/\/explorial.com\/de-ch\/wp-json\/wp\/v2\/media?parent=238825"}],"wp:term":[{"taxonomy":"product_brand","embeddable":true,"href":"https:\/\/explorial.com\/de-ch\/wp-json\/wp\/v2\/product_brand?post=238825"},{"taxonomy":"product_cat","embeddable":true,"href":"https:\/\/explorial.com\/de-ch\/wp-json\/wp\/v2\/product_cat?post=238825"},{"taxonomy":"product_tag","embeddable":true,"href":"https:\/\/explorial.com\/de-ch\/wp-json\/wp\/v2\/product_tag?post=238825"}],"curies":[{"name":"wp","href":"https:\/\/api.w.org\/{rel}","templated":true}]}}