{"id":232964,"date":"2024-05-10T09:16:44","date_gmt":"2024-05-10T09:16:44","guid":{"rendered":"https:\/\/explorial.com\/trails\/stadttour-wien-1\/"},"modified":"2024-09-09T09:12:29","modified_gmt":"2024-09-09T09:12:29","slug":"stadttour-wien-1","status":"publish","type":"product","link":"https:\/\/explorial.com\/de-ch\/trails\/stadttour-wien-1\/","title":{"rendered":"Wien (Stadtzentrum)"},"content":{"rendered":"","protected":false},"excerpt":{"rendered":"","protected":false},"featured_media":279992,"comment_status":"open","ping_status":"closed","template":"","meta":{"_acf_changed":false},"product_brand":[],"product_cat":[2139,3301],"product_tag":[3294],"class_list":{"0":"post-232964","1":"product","2":"type-product","3":"status-publish","4":"has-post-thumbnail","6":"product_cat-austria-ch","7":"product_cat-vienna-region-ch","8":"product_tag-vienna-es","10":"first","11":"instock","12":"sale","13":"taxable","14":"shipping-taxable","15":"purchasable","16":"product-type-variable"},"acf":{"city_name":"Wien","city_name_display":"Wien (Stadtzentrum)","languages":"Deutsch, Englisch","duration":"etwa 1.5 - 2 Stunden","description_1":"","description_2":"","city_description":"Wien, nur Wien, du nur allein: In diesem Trail entdeckt ihr die wichtigsten Sehensw\u00fcrdigkeiten der \u00f6sterreichischen Hauptstadt! Lasst euch von romantischer Sch\u00f6nheit, herausragender Architektur, Prunk und Glanz der Inneren Stadt verzaubern und findet heraus, welche Spuren Sisi und Co. hier in unterschiedlichen Epochen hinterlassen haben!","short_description":"","notes":"","header_image":279986,"highlight_locations":"Stephansdom, Sisi Museum, Hofburg","additional_wheelchair":"Dieser Trail ist aufgrund von Steigungen und Treppen f\u00fcr Rollst\u00fchle und Kinderwagen nur bedingt geeignet. Alle Orte sind jedoch erreichbar.","voucher_link":"","start_location_coordinates":"48.21088, 16.37297","start_location_name":"Verm\u00e4hlungsbrunnen Hoher Markt","start_location_address":"Hoher Markt, 1010 Wien","end_location_name":"Rathaus","partner_object":null},"_links":{"self":[{"href":"https:\/\/explorial.com\/de-ch\/wp-json\/wp\/v2\/product\/232964","targetHints":{"allow":["GET"]}}],"collection":[{"href":"https:\/\/explorial.com\/de-ch\/wp-json\/wp\/v2\/product"}],"about":[{"href":"https:\/\/explorial.com\/de-ch\/wp-json\/wp\/v2\/types\/product"}],"replies":[{"embeddable":true,"href":"https:\/\/explorial.com\/de-ch\/wp-json\/wp\/v2\/comments?post=232964"}],"wp:featuredmedia":[{"embeddable":true,"href":"https:\/\/explorial.com\/de-ch\/wp-json\/wp\/v2\/media\/279992"}],"wp:attachment":[{"href":"https:\/\/explorial.com\/de-ch\/wp-json\/wp\/v2\/media?parent=232964"}],"wp:term":[{"taxonomy":"product_brand","embeddable":true,"href":"https:\/\/explorial.com\/de-ch\/wp-json\/wp\/v2\/product_brand?post=232964"},{"taxonomy":"product_cat","embeddable":true,"href":"https:\/\/explorial.com\/de-ch\/wp-json\/wp\/v2\/product_cat?post=232964"},{"taxonomy":"product_tag","embeddable":true,"href":"https:\/\/explorial.com\/de-ch\/wp-json\/wp\/v2\/product_tag?post=232964"}],"curies":[{"name":"wp","href":"https:\/\/api.w.org\/{rel}","templated":true}]}}