{"id":232616,"date":"2024-05-09T09:47:42","date_gmt":"2024-05-09T09:47:42","guid":{"rendered":"https:\/\/explorial.com\/trails\/stadttour-bamberg-1\/"},"modified":"2024-09-16T12:28:55","modified_gmt":"2024-09-16T12:28:55","slug":"stadttour-bamberg-1","status":"publish","type":"product","link":"https:\/\/explorial.com\/de-ch\/trails\/stadttour-bamberg-1\/","title":{"rendered":"Bamberg"},"content":{"rendered":"","protected":false},"excerpt":{"rendered":"","protected":false},"featured_media":241793,"comment_status":"open","ping_status":"closed","template":"","meta":{"_acf_changed":false},"product_brand":[],"product_cat":[974,966],"product_tag":[3287],"class_list":{"0":"post-232616","1":"product","2":"type-product","3":"status-publish","4":"has-post-thumbnail","6":"product_cat-bavaria-ch","7":"product_cat-germany-ch","8":"product_tag-bamberg-pt","10":"first","11":"instock","12":"sale","13":"taxable","14":"shipping-taxable","15":"purchasable","16":"product-type-variable"},"acf":{"city_name":"Bamberg","city_name_display":"Bamberg","languages":"Deutsch","duration":"etwa 1.5 - 2 Stunden","description_1":"","description_2":"","city_description":"Erlebt Bamberg, ein UNESCO-Weltkulturerbe, das euch in eine Welt mittelalterlicher Architektur und lebendiger Kultur entf\u00fchrt. Die malerische Altstadt mit ihren Fachwerkh\u00e4usern und das \u00fcber der Regnitz schwebende Alte Rathaus sind nur einige Highlights dieser historischen Perle Frankens. Der Bamberger Dom beeindruckt mit dem ber\u00fchmten Bamberger Reiter. Kulinarisch lockt Bamberg mit traditionellem Rauchbier und fr\u00e4nkischen Spezialit\u00e4ten. Bamberg ist eine faszinierende Mischung aus Geschichte, Kultur und Genuss und ganz sicher ein unvergessliches Erlebnis.","short_description":"","notes":"","header_image":241787,"highlight_locations":"Altes Rathaus, Domplatz, Gr\u00fcner Markt","additional_wheelchair":"Dieser Trail ist aufgrund von Steigungen und Treppen f\u00fcr Rollst\u00fchle und Kinderwagen nur bedingt geeignet. Alle Orte sind jedoch erreichbar.","voucher_link":"","start_location_coordinates":"49.89431, 10.88956","start_location_name":"Maximiliansplatz","start_location_address":"Maximilianspl., 96047 Bamberg, Deutschland","end_location_name":"M\u00fchlviertel","partner_object":null},"_links":{"self":[{"href":"https:\/\/explorial.com\/de-ch\/wp-json\/wp\/v2\/product\/232616","targetHints":{"allow":["GET"]}}],"collection":[{"href":"https:\/\/explorial.com\/de-ch\/wp-json\/wp\/v2\/product"}],"about":[{"href":"https:\/\/explorial.com\/de-ch\/wp-json\/wp\/v2\/types\/product"}],"replies":[{"embeddable":true,"href":"https:\/\/explorial.com\/de-ch\/wp-json\/wp\/v2\/comments?post=232616"}],"wp:featuredmedia":[{"embeddable":true,"href":"https:\/\/explorial.com\/de-ch\/wp-json\/wp\/v2\/media\/241793"}],"wp:attachment":[{"href":"https:\/\/explorial.com\/de-ch\/wp-json\/wp\/v2\/media?parent=232616"}],"wp:term":[{"taxonomy":"product_brand","embeddable":true,"href":"https:\/\/explorial.com\/de-ch\/wp-json\/wp\/v2\/product_brand?post=232616"},{"taxonomy":"product_cat","embeddable":true,"href":"https:\/\/explorial.com\/de-ch\/wp-json\/wp\/v2\/product_cat?post=232616"},{"taxonomy":"product_tag","embeddable":true,"href":"https:\/\/explorial.com\/de-ch\/wp-json\/wp\/v2\/product_tag?post=232616"}],"curies":[{"name":"wp","href":"https:\/\/api.w.org\/{rel}","templated":true}]}}