{"id":229285,"date":"2024-05-07T14:02:40","date_gmt":"2024-05-07T14:02:40","guid":{"rendered":"https:\/\/explorial.com\/trails\/stadttour-brussel-1\/"},"modified":"2024-08-20T07:23:30","modified_gmt":"2024-08-20T07:23:30","slug":"stadttour-brussel-1","status":"publish","type":"product","link":"https:\/\/explorial.com\/de-ch\/trails\/stadttour-brussel-1\/","title":{"rendered":"Br\u00fcssel (EU Quarter)"},"content":{"rendered":"","protected":false},"excerpt":{"rendered":"","protected":false},"featured_media":277591,"comment_status":"open","ping_status":"closed","template":"","meta":{"_acf_changed":false},"product_brand":[],"product_cat":[3276,3282],"product_tag":[],"class_list":{"0":"post-229285","1":"product","2":"type-product","3":"status-publish","4":"has-post-thumbnail","6":"product_cat-belgium-ch","7":"product_cat-brussels-capital-region-ch","9":"first","10":"instock","11":"sale","12":"taxable","13":"shipping-taxable","14":"purchasable","15":"product-type-variable"},"acf":{"city_name":"Br\u00fcssel","city_name_display":"Br\u00fcssel (EU Quarter)","languages":"Englisch, Franz\u00f6sisch","duration":"etwa 1.5 - 2 Stunden","description_1":"","description_2":"","city_description":"","short_description":"","notes":"","header_image":277579,"highlight_locations":"Parlement europ\u00e9en, Le Berlaymont, Parc du Cinquantenaire","additional_wheelchair":"Dieser Trail ist aufgrund von Steigungen und Treppen f\u00fcr Rollst\u00fchle und Kinderwagen nur bedingt geeignet. Alle Orte sind jedoch erreichbar.","voucher_link":"","start_location_coordinates":"50.83937, 4.37205","start_location_name":"EU Quarter: Rue du Luxembourg","start_location_address":"Rue du Luxembourg 68, 1000, Belgium","end_location_name":"Parc du Cinquantenaire","partner_object":null},"_links":{"self":[{"href":"https:\/\/explorial.com\/de-ch\/wp-json\/wp\/v2\/product\/229285","targetHints":{"allow":["GET"]}}],"collection":[{"href":"https:\/\/explorial.com\/de-ch\/wp-json\/wp\/v2\/product"}],"about":[{"href":"https:\/\/explorial.com\/de-ch\/wp-json\/wp\/v2\/types\/product"}],"replies":[{"embeddable":true,"href":"https:\/\/explorial.com\/de-ch\/wp-json\/wp\/v2\/comments?post=229285"}],"wp:featuredmedia":[{"embeddable":true,"href":"https:\/\/explorial.com\/de-ch\/wp-json\/wp\/v2\/media\/277591"}],"wp:attachment":[{"href":"https:\/\/explorial.com\/de-ch\/wp-json\/wp\/v2\/media?parent=229285"}],"wp:term":[{"taxonomy":"product_brand","embeddable":true,"href":"https:\/\/explorial.com\/de-ch\/wp-json\/wp\/v2\/product_brand?post=229285"},{"taxonomy":"product_cat","embeddable":true,"href":"https:\/\/explorial.com\/de-ch\/wp-json\/wp\/v2\/product_cat?post=229285"},{"taxonomy":"product_tag","embeddable":true,"href":"https:\/\/explorial.com\/de-ch\/wp-json\/wp\/v2\/product_tag?post=229285"}],"curies":[{"name":"wp","href":"https:\/\/api.w.org\/{rel}","templated":true}]}}