{"id":194141,"date":"2024-03-15T13:49:52","date_gmt":"2024-03-15T13:49:52","guid":{"rendered":"https:\/\/explorial.com\/trails\/stadttour-cadiz-1\/"},"modified":"2024-09-17T08:31:42","modified_gmt":"2024-09-17T08:31:42","slug":"stadttour-cadiz-1","status":"publish","type":"product","link":"https:\/\/explorial.com\/de-ch\/trails\/stadttour-cadiz-1\/","title":{"rendered":"C\u00e1diz"},"content":{"rendered":"","protected":false},"excerpt":{"rendered":"","protected":false},"featured_media":193995,"comment_status":"open","ping_status":"closed","template":"","meta":{"_acf_changed":false},"product_brand":[],"product_cat":[983,980],"product_tag":[3042],"class_list":{"0":"post-194141","1":"product","2":"type-product","3":"status-publish","4":"has-post-thumbnail","6":"product_cat-andalusia-ch","7":"product_cat-spain-ch","8":"product_tag-cadiz-es","10":"first","11":"instock","12":"sale","13":"taxable","14":"shipping-taxable","15":"purchasable","16":"product-type-variable"},"acf":{"city_name":"C\u00e1diz","city_name_display":"C\u00e1diz","languages":"Spanisch, Englisch","duration":"etwa 1.5 - 2 Stunden","description_1":"","description_2":"","city_description":"","short_description":"","notes":"","header_image":193989,"highlight_locations":"Catedral de C\u00e1diz, Gran Teatro Falla, La Caleta","additional_wheelchair":"Dieser Trail ist aufgrund von Steigungen und Treppen f\u00fcr Rollst\u00fchle und Kinderwagen nur bedingt geeignet. Alle Orte sind jedoch erreichbar.","voucher_link":"","start_location_coordinates":"36.5314, -6.29267","start_location_name":"Oficina Municipal de Turismo ","start_location_address":"Paseo de Canalejas, 11006, Espa\u00f1a","end_location_name":"La Caleta","partner_object":null},"_links":{"self":[{"href":"https:\/\/explorial.com\/de-ch\/wp-json\/wp\/v2\/product\/194141","targetHints":{"allow":["GET"]}}],"collection":[{"href":"https:\/\/explorial.com\/de-ch\/wp-json\/wp\/v2\/product"}],"about":[{"href":"https:\/\/explorial.com\/de-ch\/wp-json\/wp\/v2\/types\/product"}],"replies":[{"embeddable":true,"href":"https:\/\/explorial.com\/de-ch\/wp-json\/wp\/v2\/comments?post=194141"}],"wp:featuredmedia":[{"embeddable":true,"href":"https:\/\/explorial.com\/de-ch\/wp-json\/wp\/v2\/media\/193995"}],"wp:attachment":[{"href":"https:\/\/explorial.com\/de-ch\/wp-json\/wp\/v2\/media?parent=194141"}],"wp:term":[{"taxonomy":"product_brand","embeddable":true,"href":"https:\/\/explorial.com\/de-ch\/wp-json\/wp\/v2\/product_brand?post=194141"},{"taxonomy":"product_cat","embeddable":true,"href":"https:\/\/explorial.com\/de-ch\/wp-json\/wp\/v2\/product_cat?post=194141"},{"taxonomy":"product_tag","embeddable":true,"href":"https:\/\/explorial.com\/de-ch\/wp-json\/wp\/v2\/product_tag?post=194141"}],"curies":[{"name":"wp","href":"https:\/\/api.w.org\/{rel}","templated":true}]}}