{"id":188458,"date":"2024-02-14T17:28:51","date_gmt":"2024-02-14T17:28:51","guid":{"rendered":"https:\/\/explorial.com\/trails\/stadttour-oaxaca-1\/"},"modified":"2024-09-10T07:58:41","modified_gmt":"2024-09-10T07:58:41","slug":"stadttour-oaxaca-1","status":"publish","type":"product","link":"https:\/\/explorial.com\/de-ch\/trails\/stadttour-oaxaca-1\/","title":{"rendered":"Oaxaca"},"content":{"rendered":"","protected":false},"excerpt":{"rendered":"","protected":false},"featured_media":276884,"comment_status":"open","ping_status":"closed","template":"","meta":{"_acf_changed":false},"product_brand":[],"product_cat":[1335,3000],"product_tag":[2994],"class_list":{"0":"post-188458","1":"product","2":"type-product","3":"status-publish","4":"has-post-thumbnail","6":"product_cat-mexico-ch","7":"product_cat-oaxaca-ch","8":"product_tag-oaxaca-ch","10":"first","11":"instock","12":"sale","13":"taxable","14":"shipping-taxable","15":"purchasable","16":"product-type-variable"},"acf":{"city_name":"Oaxaca","city_name_display":"Oaxaca","languages":"Englisch","duration":"etwa 1.5 - 2 Stunden","description_1":"","description_2":"","city_description":"","short_description":"","notes":"","header_image":276872,"highlight_locations":"Templo de Santo Domingo de Guzm\u00e1n, Jard\u00edn Etnobot\u00e1nico de Oaxaca, Mercado Benito Ju\u00e1rez","additional_wheelchair":"Dieser Trail ist aufgrund von Steigungen und Treppen f\u00fcr Rollst\u00fchle und Kinderwagen nur bedingt geeignet. Alle Orte sind jedoch erreichbar.","voucher_link":"","start_location_coordinates":"17.06584, -96.7238","start_location_name":"Tourist Office","start_location_address":"C. Macedonio Alcal\u00e1 501, RUTA INDEPENDENCIA, Centro, 68000 Oaxaca de Ju\u00e1rez","end_location_name":"Mercado Benito Ju\u00e1rez","partner_object":null},"_links":{"self":[{"href":"https:\/\/explorial.com\/de-ch\/wp-json\/wp\/v2\/product\/188458","targetHints":{"allow":["GET"]}}],"collection":[{"href":"https:\/\/explorial.com\/de-ch\/wp-json\/wp\/v2\/product"}],"about":[{"href":"https:\/\/explorial.com\/de-ch\/wp-json\/wp\/v2\/types\/product"}],"replies":[{"embeddable":true,"href":"https:\/\/explorial.com\/de-ch\/wp-json\/wp\/v2\/comments?post=188458"}],"wp:featuredmedia":[{"embeddable":true,"href":"https:\/\/explorial.com\/de-ch\/wp-json\/wp\/v2\/media\/276884"}],"wp:attachment":[{"href":"https:\/\/explorial.com\/de-ch\/wp-json\/wp\/v2\/media?parent=188458"}],"wp:term":[{"taxonomy":"product_brand","embeddable":true,"href":"https:\/\/explorial.com\/de-ch\/wp-json\/wp\/v2\/product_brand?post=188458"},{"taxonomy":"product_cat","embeddable":true,"href":"https:\/\/explorial.com\/de-ch\/wp-json\/wp\/v2\/product_cat?post=188458"},{"taxonomy":"product_tag","embeddable":true,"href":"https:\/\/explorial.com\/de-ch\/wp-json\/wp\/v2\/product_tag?post=188458"}],"curies":[{"name":"wp","href":"https:\/\/api.w.org\/{rel}","templated":true}]}}