{"id":185434,"date":"2024-02-14T17:04:03","date_gmt":"2024-02-14T17:04:03","guid":{"rendered":"https:\/\/explorial.com\/trails\/stadttour-castro-verde-1\/"},"modified":"2024-09-17T13:54:18","modified_gmt":"2024-09-17T13:54:18","slug":"stadttour-castro-verde-1","status":"publish","type":"product","link":"https:\/\/explorial.com\/de-ch\/trails\/stadttour-castro-verde-1\/","title":{"rendered":"Castro Verde"},"content":{"rendered":"","protected":false},"excerpt":{"rendered":"","protected":false},"featured_media":185295,"comment_status":"open","ping_status":"closed","template":"","meta":{"_acf_changed":false},"product_brand":[],"product_cat":[1538,992],"product_tag":[2952],"class_list":{"0":"post-185434","1":"product","2":"type-product","3":"status-publish","4":"has-post-thumbnail","6":"product_cat-alentejo-ch","7":"product_cat-portugal-ch","8":"product_tag-castro-verde-ch","10":"first","11":"instock","12":"sale","13":"taxable","14":"shipping-taxable","15":"purchasable","16":"product-type-variable"},"acf":{"city_name":"Castro Verde","city_name_display":"Castro Verde","languages":"Portugiesisch, Englisch","duration":"etwa 1.5 - 2 Stunden","description_1":"","description_2":"","city_description":"","short_description":"","notes":"","header_image":185289,"highlight_locations":"Bas\u00edlica Real de Nossa Senhora da Concei\u00e7\u00e3o, Moinho de Castro Verde, Casa Dona Maria","additional_wheelchair":"Dieser Trail ist aufgrund von Steigungen und Treppen f\u00fcr Rollst\u00fchle und Kinderwagen nur bedingt geeignet. Alle Orte sind jedoch erreichbar.","voucher_link":"","start_location_coordinates":"37.69544, -8.0888","start_location_name":"Grupo Motard de Castro Verde","start_location_address":"Largo da feira 9, 7780-277 Castro Verde, Portugal\n","end_location_name":"Largo V\u00edtor Prazeres","partner_object":null},"_links":{"self":[{"href":"https:\/\/explorial.com\/de-ch\/wp-json\/wp\/v2\/product\/185434","targetHints":{"allow":["GET"]}}],"collection":[{"href":"https:\/\/explorial.com\/de-ch\/wp-json\/wp\/v2\/product"}],"about":[{"href":"https:\/\/explorial.com\/de-ch\/wp-json\/wp\/v2\/types\/product"}],"replies":[{"embeddable":true,"href":"https:\/\/explorial.com\/de-ch\/wp-json\/wp\/v2\/comments?post=185434"}],"wp:featuredmedia":[{"embeddable":true,"href":"https:\/\/explorial.com\/de-ch\/wp-json\/wp\/v2\/media\/185295"}],"wp:attachment":[{"href":"https:\/\/explorial.com\/de-ch\/wp-json\/wp\/v2\/media?parent=185434"}],"wp:term":[{"taxonomy":"product_brand","embeddable":true,"href":"https:\/\/explorial.com\/de-ch\/wp-json\/wp\/v2\/product_brand?post=185434"},{"taxonomy":"product_cat","embeddable":true,"href":"https:\/\/explorial.com\/de-ch\/wp-json\/wp\/v2\/product_cat?post=185434"},{"taxonomy":"product_tag","embeddable":true,"href":"https:\/\/explorial.com\/de-ch\/wp-json\/wp\/v2\/product_tag?post=185434"}],"curies":[{"name":"wp","href":"https:\/\/api.w.org\/{rel}","templated":true}]}}